{"id":112,"date":"2019-06-25T13:20:14","date_gmt":"2019-06-25T16:20:14","guid":{"rendered":"https:\/\/hcbconsultoria.com.br\/site\/?page_id=112"},"modified":"2019-06-25T15:22:05","modified_gmt":"2019-06-25T18:22:05","slug":"blog","status":"publish","type":"page","link":"https:\/\/hcbconsultoria.com.br\/site\/blog\/","title":{"rendered":"Blog"},"content":{"rendered":"<div class=\"fusion-fullwidth fullwidth-box fusion-fullwidth-1  fusion-parallax-none nonhundred-percent-fullwidth fusion-equal-height-columns\" style=\"border-color:#eae9e9;border-bottom-width: 0px;border-top-width: 0px;border-bottom-style: solid;border-top-style: solid;padding-bottom:20px;padding-top:20px;padding-left:;padding-right:;background-color:transparent;\"><style type=\"text\/css\" scoped=\"scoped\">.fusion-fullwidth-1 {\n                            padding-left: px !important;\n                            padding-right: px !important;\n                        }<\/style><div class=\"fusion-row\"><div class=\"fusion-blog-shortcode fusion-blog-shortcode-1 fusion-blog-archive fusion-blog-layout-grid-wrapper fusion-blog-pagination\"><style type=\"text\/css\">.fusion-blog-shortcode-1 .fusion-blog-layout-grid .fusion-post-grid{padding:20px;}.fusion-blog-shortcode-1 .fusion-posts-container{margin-left: -20px !important; margin-right:-20px !important;}<\/style><div class=\"fusion-posts-container fusion-posts-container-pagination fusion-blog-layout-grid fusion-blog-layout-grid-3 isotope\" data-pages=\"3\" data-grid-col-space=\"40\" style=\"margin: -20px -20px 0;\"><div id=\"post-95\" class=\"fusion-post-grid post-95 post type-post status-publish format-standard has-post-thumbnail hentry category-sem-categoria\">\n<div class=\"fusion-post-wrapper\">\t\t\t\n\t\t\t\n\t\t\t\n\t\t\t\n\t\t\t\t\t\t<div class=\"fusion-flexslider flexslider fusion-flexslider-loading fusion-post-slideshow\">\n\t\t\t\t<ul class=\"slides\">\n\t\t\t\t\t\t\t\t\t\t\t\t\t\t\t\t\t\t\t\t\t\t\t\t\t<li>\n\t\t\t\t\t\t<div class=\"fusion-image-wrapper\" aria-haspopup=\"true\"><img loading=\"lazy\" decoding=\"async\" width=\"744\" height=\"260\" src=\"https:\/\/hcbconsultoria.com.br\/site\/wp-content\/uploads\/certificacao.jpg\" class=\"attachment-full size-full wp-post-image\" alt=\"\" srcset=\"https:\/\/hcbconsultoria.com.br\/site\/wp-content\/uploads\/certificacao.jpg 744w, https:\/\/hcbconsultoria.com.br\/site\/wp-content\/uploads\/certificacao-300x105.jpg 300w\" sizes=\"auto, (max-width: 744px) 100vw, 744px\" \/>\t\t<div class=\"fusion-rollover\">\n\t\t\t<div class=\"fusion-rollover-content\">\n\n\t\t\t\t\n\t\t\t\t\t\t\t\t\t\t\t<a class=\"fusion-rollover-link\" href=\"https:\/\/hcbconsultoria.com.br\/site\/certificacao-multisite\/\">Permalink<\/a>\n\t\t\t\t\t\n\t\t\t\t\t\t\t\t\t\n\t\t\t\t\t\t\t\t\t<h4 class=\"fusion-rollover-title\"><a href=\"https:\/\/hcbconsultoria.com.br\/site\/certificacao-multisite\/\">Certifica\u00e7\u00e3o Multisite<\/a><\/h4>\n\t\t\t\t\n\t\t\t\t\n\t\t\t\t\n\t\t\t\t\n\t\t\t\t\n\t\t\t\t\t\t\t<\/div>\n\t\t<\/div>\n\t\t<\/div>\t\t\t\t\t<\/li>\n\t\t\t\t\t\t\t\t\t\t\t\t\t\t<\/ul>\n\t\t\t<\/div>\n\t\t\t<div class=\"fusion-post-content-wrapper\"><div class=\"fusion-post-content post-content\"><h2 class=\"entry-title\"><a href=\"https:\/\/hcbconsultoria.com.br\/site\/certificacao-multisite\/\">Certifica\u00e7\u00e3o Multisite<\/a><\/h2><div class=\"fusion-post-content-container\"><p>Uma organiza\u00e7\u00e3o multisite \u00e9 definida como uma organiza\u00e7\u00e3o que tenha uma fun\u00e7\u00e3o central identificada (designada como escrit\u00f3rio central ou sede),<\/p><\/div><\/div><\/div><div class=\"fusion-clearfix\"><\/div><\/div>\n<\/div>\n<div id=\"post-91\" class=\"fusion-post-grid post-91 post type-post status-publish format-standard has-post-thumbnail hentry category-sem-categoria\">\n<div class=\"fusion-post-wrapper\">\t\t\t\n\t\t\t\n\t\t\t\n\t\t\t\n\t\t\t\t\t\t<div class=\"fusion-flexslider flexslider fusion-flexslider-loading fusion-post-slideshow\">\n\t\t\t\t<ul class=\"slides\">\n\t\t\t\t\t\t\t\t\t\t\t\t\t\t\t\t\t\t\t\t\t\t\t\t\t<li>\n\t\t\t\t\t\t<div class=\"fusion-image-wrapper\" aria-haspopup=\"true\"><img loading=\"lazy\" decoding=\"async\" width=\"744\" height=\"260\" src=\"https:\/\/hcbconsultoria.com.br\/site\/wp-content\/uploads\/consultoria-de-empresas.jpg\" class=\"attachment-full size-full wp-post-image\" alt=\"\" srcset=\"https:\/\/hcbconsultoria.com.br\/site\/wp-content\/uploads\/consultoria-de-empresas.jpg 744w, https:\/\/hcbconsultoria.com.br\/site\/wp-content\/uploads\/consultoria-de-empresas-300x105.jpg 300w\" sizes=\"auto, (max-width: 744px) 100vw, 744px\" \/>\t\t<div class=\"fusion-rollover\">\n\t\t\t<div class=\"fusion-rollover-content\">\n\n\t\t\t\t\n\t\t\t\t\t\t\t\t\t\t\t<a class=\"fusion-rollover-link\" href=\"https:\/\/hcbconsultoria.com.br\/site\/consultoria-para-empresas-de-pequeno-porte\/\">Permalink<\/a>\n\t\t\t\t\t\n\t\t\t\t\t\t\t\t\t\n\t\t\t\t\t\t\t\t\t<h4 class=\"fusion-rollover-title\"><a href=\"https:\/\/hcbconsultoria.com.br\/site\/consultoria-para-empresas-de-pequeno-porte\/\">Consultoria para empresas de pequeno porte<\/a><\/h4>\n\t\t\t\t\n\t\t\t\t\n\t\t\t\t\n\t\t\t\t\n\t\t\t\t\n\t\t\t\t\t\t\t<\/div>\n\t\t<\/div>\n\t\t<\/div>\t\t\t\t\t<\/li>\n\t\t\t\t\t\t\t\t\t\t\t\t\t\t<\/ul>\n\t\t\t<\/div>\n\t\t\t<div class=\"fusion-post-content-wrapper\"><div class=\"fusion-post-content post-content\"><h2 class=\"entry-title\"><a href=\"https:\/\/hcbconsultoria.com.br\/site\/consultoria-para-empresas-de-pequeno-porte\/\">Consultoria para empresas de pequeno porte<\/a><\/h2><div class=\"fusion-post-content-container\"><p>A HCB Consultoria possui vasta experi\u00eancia na implanta\u00e7\u00e3o de Sistemas de Gest\u00e3o Integrada (ISO 9001, ISO 14001 e OHSAS 18001)<\/p><\/div><\/div><\/div><div class=\"fusion-clearfix\"><\/div><\/div>\n<\/div>\n<div id=\"post-82\" class=\"fusion-post-grid post-82 post type-post status-publish format-standard has-post-thumbnail hentry category-sem-categoria\">\n<div class=\"fusion-post-wrapper\">\t\t\t\n\t\t\t\n\t\t\t\n\t\t\t\n\t\t\t\t\t\t<div class=\"fusion-flexslider flexslider fusion-flexslider-loading fusion-post-slideshow\">\n\t\t\t\t<ul class=\"slides\">\n\t\t\t\t\t\t\t\t\t\t\t\t\t\t\t\t\t\t\t\t\t\t\t\t\t<li>\n\t\t\t\t\t\t<div class=\"fusion-image-wrapper\" aria-haspopup=\"true\"><img loading=\"lazy\" decoding=\"async\" width=\"744\" height=\"260\" src=\"https:\/\/hcbconsultoria.com.br\/site\/wp-content\/uploads\/iso-9001-2015.jpg\" class=\"attachment-full size-full wp-post-image\" alt=\"\" srcset=\"https:\/\/hcbconsultoria.com.br\/site\/wp-content\/uploads\/iso-9001-2015.jpg 744w, https:\/\/hcbconsultoria.com.br\/site\/wp-content\/uploads\/iso-9001-2015-300x105.jpg 300w\" sizes=\"auto, (max-width: 744px) 100vw, 744px\" \/>\t\t<div class=\"fusion-rollover\">\n\t\t\t<div class=\"fusion-rollover-content\">\n\n\t\t\t\t\n\t\t\t\t\t\t\t\t\t\t\t<a class=\"fusion-rollover-link\" href=\"https:\/\/hcbconsultoria.com.br\/site\/nova-iso-90012015\/\">Permalink<\/a>\n\t\t\t\t\t\n\t\t\t\t\t\t\t\t\t\n\t\t\t\t\t\t\t\t\t<h4 class=\"fusion-rollover-title\"><a href=\"https:\/\/hcbconsultoria.com.br\/site\/nova-iso-90012015\/\">Nova ISO 9001:2015<\/a><\/h4>\n\t\t\t\t\n\t\t\t\t\n\t\t\t\t\n\t\t\t\t\n\t\t\t\t\n\t\t\t\t\t\t\t<\/div>\n\t\t<\/div>\n\t\t<\/div>\t\t\t\t\t<\/li>\n\t\t\t\t\t\t\t\t\t\t\t\t\t\t<\/ul>\n\t\t\t<\/div>\n\t\t\t<div class=\"fusion-post-content-wrapper\"><div class=\"fusion-post-content post-content\"><h2 class=\"entry-title\"><a href=\"https:\/\/hcbconsultoria.com.br\/site\/nova-iso-90012015\/\">Nova ISO 9001:2015<\/a><\/h2><div class=\"fusion-post-content-container\"><p>A nova vers\u00e3o traz uma revis\u00e3o completa da sua estrutura e incorpora novos conceitos, tais como as avalia\u00e7\u00f5es de riscos<\/p><\/div><\/div><\/div><div class=\"fusion-clearfix\"><\/div><\/div>\n<\/div>\n<div id=\"post-133\" class=\"fusion-post-grid post-133 post type-post status-publish format-standard has-post-thumbnail hentry category-sem-categoria\">\n<div class=\"fusion-post-wrapper\">\t\t\t\n\t\t\t\n\t\t\t\n\t\t\t\n\t\t\t\t\t\t<div class=\"fusion-flexslider flexslider fusion-flexslider-loading fusion-post-slideshow\">\n\t\t\t\t<ul class=\"slides\">\n\t\t\t\t\t\t\t\t\t\t\t\t\t\t\t\t\t\t\t\t\t\t\t\t\t<li>\n\t\t\t\t\t\t<div class=\"fusion-image-wrapper\" aria-haspopup=\"true\"><img loading=\"lazy\" decoding=\"async\" width=\"744\" height=\"260\" src=\"https:\/\/hcbconsultoria.com.br\/site\/wp-content\/uploads\/anp.jpg\" class=\"attachment-full size-full wp-post-image\" alt=\"\" srcset=\"https:\/\/hcbconsultoria.com.br\/site\/wp-content\/uploads\/anp.jpg 744w, https:\/\/hcbconsultoria.com.br\/site\/wp-content\/uploads\/anp-300x105.jpg 300w\" sizes=\"auto, (max-width: 744px) 100vw, 744px\" \/>\t\t<div class=\"fusion-rollover\">\n\t\t\t<div class=\"fusion-rollover-content\">\n\n\t\t\t\t\n\t\t\t\t\t\t\t\t\t\t\t<a class=\"fusion-rollover-link\" href=\"https:\/\/hcbconsultoria.com.br\/site\/principais-motivos-para-adequar-se-a-resolucao-anp-43\/\">Permalink<\/a>\n\t\t\t\t\t\n\t\t\t\t\t\t\t\t\t\n\t\t\t\t\t\t\t\t\t<h4 class=\"fusion-rollover-title\"><a href=\"https:\/\/hcbconsultoria.com.br\/site\/principais-motivos-para-adequar-se-a-resolucao-anp-43\/\">Principais motivos para adequar-se \u00e0 Resolu\u00e7\u00e3o ANP 43<\/a><\/h4>\n\t\t\t\t\n\t\t\t\t\n\t\t\t\t\n\t\t\t\t\n\t\t\t\t\n\t\t\t\t\t\t\t<\/div>\n\t\t<\/div>\n\t\t<\/div>\t\t\t\t\t<\/li>\n\t\t\t\t\t\t\t\t\t\t\t\t\t\t<\/ul>\n\t\t\t<\/div>\n\t\t\t<div class=\"fusion-post-content-wrapper\"><div class=\"fusion-post-content post-content\"><h2 class=\"entry-title\"><a href=\"https:\/\/hcbconsultoria.com.br\/site\/principais-motivos-para-adequar-se-a-resolucao-anp-43\/\">Principais motivos para adequar-se \u00e0 Resolu\u00e7\u00e3o ANP 43<\/a><\/h2><div class=\"fusion-post-content-container\"><p>A Resolu\u00e7\u00e3o no 43 da Ag\u00eancia Nacional do Petr\u00f3leo (ANP), de 2007, estabelece regulamento para controlar a seguran\u00e7a operacional das<\/p><\/div><\/div><\/div><div class=\"fusion-clearfix\"><\/div><\/div>\n<\/div>\n<div id=\"post-125\" class=\"fusion-post-grid post-125 post type-post status-publish format-standard has-post-thumbnail hentry category-sem-categoria\">\n<div class=\"fusion-post-wrapper\">\t\t\t\n\t\t\t\n\t\t\t\n\t\t\t\n\t\t\t\t\t\t<div class=\"fusion-flexslider flexslider fusion-flexslider-loading fusion-post-slideshow\">\n\t\t\t\t<ul class=\"slides\">\n\t\t\t\t\t\t\t\t\t\t\t\t\t\t\t\t\t\t\t\t\t\t\t\t\t<li>\n\t\t\t\t\t\t<div class=\"fusion-image-wrapper\" aria-haspopup=\"true\"><img loading=\"lazy\" decoding=\"async\" width=\"744\" height=\"260\" src=\"https:\/\/hcbconsultoria.com.br\/site\/wp-content\/uploads\/anp.jpg\" class=\"attachment-full size-full wp-post-image\" alt=\"\" srcset=\"https:\/\/hcbconsultoria.com.br\/site\/wp-content\/uploads\/anp.jpg 744w, https:\/\/hcbconsultoria.com.br\/site\/wp-content\/uploads\/anp-300x105.jpg 300w\" sizes=\"auto, (max-width: 744px) 100vw, 744px\" \/>\t\t<div class=\"fusion-rollover\">\n\t\t\t<div class=\"fusion-rollover-content\">\n\n\t\t\t\t\n\t\t\t\t\t\t\t\t\t\t\t<a class=\"fusion-rollover-link\" href=\"https:\/\/hcbconsultoria.com.br\/site\/consultoria-para-empresas-do-setor-offshore\/\">Permalink<\/a>\n\t\t\t\t\t\n\t\t\t\t\t\t\t\t\t\n\t\t\t\t\t\t\t\t\t<h4 class=\"fusion-rollover-title\"><a href=\"https:\/\/hcbconsultoria.com.br\/site\/consultoria-para-empresas-do-setor-offshore\/\">Consultoria para empresas do setor Offshore<\/a><\/h4>\n\t\t\t\t\n\t\t\t\t\n\t\t\t\t\n\t\t\t\t\n\t\t\t\t\n\t\t\t\t\t\t\t<\/div>\n\t\t<\/div>\n\t\t<\/div>\t\t\t\t\t<\/li>\n\t\t\t\t\t\t\t\t\t\t\t\t\t\t<\/ul>\n\t\t\t<\/div>\n\t\t\t<div class=\"fusion-post-content-wrapper\"><div class=\"fusion-post-content post-content\"><h2 class=\"entry-title\"><a href=\"https:\/\/hcbconsultoria.com.br\/site\/consultoria-para-empresas-do-setor-offshore\/\">Consultoria para empresas do setor Offshore<\/a><\/h2><div class=\"fusion-post-content-container\"><p>As opera\u00e7\u00f5es offshore relacionadas a explora\u00e7\u00e3o e produ\u00e7\u00e3o de \u00f3leo e g\u00e1s s\u00e3o extremamente desafiadoras devido a alta complexidade tecnol\u00f3gica<\/p><\/div><\/div><\/div><div class=\"fusion-clearfix\"><\/div><\/div>\n<\/div>\n<div id=\"post-131\" class=\"fusion-post-grid post-131 post type-post status-publish format-standard has-post-thumbnail hentry category-sem-categoria\">\n<div class=\"fusion-post-wrapper\">\t\t\t\n\t\t\t\n\t\t\t\n\t\t\t\n\t\t\t\t\t\t<div class=\"fusion-flexslider flexslider fusion-flexslider-loading fusion-post-slideshow\">\n\t\t\t\t<ul class=\"slides\">\n\t\t\t\t\t\t\t\t\t\t\t\t\t\t\t\t\t\t\t\t\t\t\t\t\t<li>\n\t\t\t\t\t\t<div class=\"fusion-image-wrapper\" aria-haspopup=\"true\"><img loading=\"lazy\" decoding=\"async\" width=\"744\" height=\"260\" src=\"https:\/\/hcbconsultoria.com.br\/site\/wp-content\/uploads\/consultoria-de-empresas.jpg\" class=\"attachment-full size-full wp-post-image\" alt=\"\" srcset=\"https:\/\/hcbconsultoria.com.br\/site\/wp-content\/uploads\/consultoria-de-empresas.jpg 744w, https:\/\/hcbconsultoria.com.br\/site\/wp-content\/uploads\/consultoria-de-empresas-300x105.jpg 300w\" sizes=\"auto, (max-width: 744px) 100vw, 744px\" \/>\t\t<div class=\"fusion-rollover\">\n\t\t\t<div class=\"fusion-rollover-content\">\n\n\t\t\t\t\n\t\t\t\t\t\t\t\t\t\t\t<a class=\"fusion-rollover-link\" href=\"https:\/\/hcbconsultoria.com.br\/site\/hcb-consultoria-recebe-certificacao-pela-onip\/\">Permalink<\/a>\n\t\t\t\t\t\n\t\t\t\t\t\t\t\t\t\n\t\t\t\t\t\t\t\t\t<h4 class=\"fusion-rollover-title\"><a href=\"https:\/\/hcbconsultoria.com.br\/site\/hcb-consultoria-recebe-certificacao-pela-onip\/\">HCB Consultoria recebe certifica\u00e7\u00e3o pela ONIP<\/a><\/h4>\n\t\t\t\t\n\t\t\t\t\n\t\t\t\t\n\t\t\t\t\n\t\t\t\t\n\t\t\t\t\t\t\t<\/div>\n\t\t<\/div>\n\t\t<\/div>\t\t\t\t\t<\/li>\n\t\t\t\t\t\t\t\t\t\t\t\t\t\t<\/ul>\n\t\t\t<\/div>\n\t\t\t<div class=\"fusion-post-content-wrapper\"><div class=\"fusion-post-content post-content\"><h2 class=\"entry-title\"><a href=\"https:\/\/hcbconsultoria.com.br\/site\/hcb-consultoria-recebe-certificacao-pela-onip\/\">HCB Consultoria recebe certifica\u00e7\u00e3o pela ONIP<\/a><\/h2><div class=\"fusion-post-content-container\"><p>A Organiza\u00e7\u00e3o Nacional da Ind\u00fastria do Petr\u00f3leo \u2013 ONIP criou o Cadastro ONIP de Fornecedores de Bens e Servi\u00e7os, a<\/p><\/div><\/div><\/div><div class=\"fusion-clearfix\"><\/div><\/div>\n<\/div>\n<div class=\"fusion-clearfix\"><\/div><\/div><div class='pagination clearfix'><span class='current'>1<\/span><a href='https:\/\/hcbconsultoria.com.br\/site\/wp-json\/wp\/v2\/pages\/112\/page\/2\/' class='inactive' >2<\/a><a href='https:\/\/hcbconsultoria.com.br\/site\/wp-json\/wp\/v2\/pages\/112\/page\/3\/' class='inactive' >3<\/a><a class='pagination-next' href='https:\/\/hcbconsultoria.com.br\/site\/wp-json\/wp\/v2\/pages\/112\/page\/2\/'><span class='page-text'>Next<\/span><span class='page-next'><\/span><\/a><\/div>\n<\/div><\/div><\/div>\n","protected":false},"excerpt":{"rendered":"","protected":false},"author":1,"featured_media":0,"parent":0,"menu_order":0,"comment_status":"closed","ping_status":"closed","template":"","meta":{"footnotes":""},"class_list":["post-112","page","type-page","status-publish","hentry"],"_links":{"self":[{"href":"https:\/\/hcbconsultoria.com.br\/site\/wp-json\/wp\/v2\/pages\/112","targetHints":{"allow":["GET"]}}],"collection":[{"href":"https:\/\/hcbconsultoria.com.br\/site\/wp-json\/wp\/v2\/pages"}],"about":[{"href":"https:\/\/hcbconsultoria.com.br\/site\/wp-json\/wp\/v2\/types\/page"}],"author":[{"embeddable":true,"href":"https:\/\/hcbconsultoria.com.br\/site\/wp-json\/wp\/v2\/users\/1"}],"replies":[{"embeddable":true,"href":"https:\/\/hcbconsultoria.com.br\/site\/wp-json\/wp\/v2\/comments?post=112"}],"version-history":[{"count":6,"href":"https:\/\/hcbconsultoria.com.br\/site\/wp-json\/wp\/v2\/pages\/112\/revisions"}],"predecessor-version":[{"id":127,"href":"https:\/\/hcbconsultoria.com.br\/site\/wp-json\/wp\/v2\/pages\/112\/revisions\/127"}],"wp:attachment":[{"href":"https:\/\/hcbconsultoria.com.br\/site\/wp-json\/wp\/v2\/media?parent=112"}],"curies":[{"name":"wp","href":"https:\/\/api.w.org\/{rel}","templated":true}]}}