{"id":13,"date":"2019-06-24T12:30:55","date_gmt":"2019-06-24T15:30:55","guid":{"rendered":"https:\/\/hcbconsultoria.com.br\/site\/?page_id=13"},"modified":"2025-05-07T18:55:14","modified_gmt":"2025-05-07T21:55:14","slug":"servicos","status":"publish","type":"page","link":"https:\/\/hcbconsultoria.com.br\/site\/servicos\/","title":{"rendered":"Servi\u00e7os"},"content":{"rendered":"<div class=\"fusion-fullwidth fullwidth-box fusion-fullwidth-1  fusion-parallax-none nonhundred-percent-fullwidth\" style=\"border-color:#eae9e9;border-bottom-width: 0px;border-top-width: 0px;border-bottom-style: solid;border-top-style: solid;padding-bottom:0px;padding-top:0px;padding-left:;padding-right:;background-color:#f6f6f6;\"><style type=\"text\/css\" scoped=\"scoped\">.fusion-fullwidth-1 {\n                            padding-left: px !important;\n                            padding-right: px !important;\n                        }<\/style><div class=\"fusion-row\"><div class=\"fusion-one-full fusion-layout-column fusion-column-last fusion-spacing-yes\" style=\"margin-top:15px;margin-bottom:15px;\"><div class=\"fusion-column-wrapper\"><p class=\"mt-40\">Em sua trajet\u00f3ria, a HCB Consultoria especializou-se na presta\u00e7\u00e3o de diversos servi\u00e7os associados \u00e0 gest\u00e3o de empresas, entre os quais:<\/p>\n<div class=\"fusion-clearfix\"><\/div><\/div><\/div><div class=\"fusion-clearfix\"><\/div><div class=\"fusion-one-sixth fusion-layout-column fusion-spacing-yes\" style=\"margin-top:15px;margin-bottom:15px;\"><div class=\"fusion-column-wrapper\"><span class=\"fusion-imageframe imageframe-none imageframe-1 hover-type-none\"> <img decoding=\"async\" src=\"https:\/\/hcbconsultoria.com.br\/site\/wp-content\/uploads\/consultoria-1.png\" alt=\"\" class=\"img-responsive\"\/><\/span><div class=\"fusion-clearfix\"><\/div><\/div><\/div><div class=\"fusion-five-sixth fusion-layout-column fusion-column-last fusion-spacing-yes services\" style=\"margin-top:15px;margin-bottom:15px;\" id=\"consultoria\"><div class=\"fusion-column-wrapper\"><h4>Consultoria em QSMS e ESG<\/h4>\n<ol>\n<li>Implanta\u00e7\u00e3o de Sistemas de Gest\u00e3o Integrada da Qualidade, Meio Ambiente, Sa\u00fade e Seguran\u00e7a Ocupacional segundo as normas ISO 9001, ISO 14001 e ISO 45001\/OHSAS 18001, ISM Code e Resolu\u00e7\u00e3o ANP 43 (Regulamento T\u00e9cnico do Sistema de Gest\u00e3o de Seguran\u00e7a Operacional);<\/li>\n<li>Implanta\u00e7\u00e3o de pr\u00e1ticas ESG (Environmental, Social and Governance) segundo normas ABNT PR 2030 e ISO IW48 e assessoria para Relatos de Sustentabilidade segundo GRI, SASB, IFRS S1 e S2, GHG Protocol, entre outros;<\/li>\n<li>Avalia\u00e7\u00e3o de materialidade em Sustentabilidade e ESG;<\/li>\n<li>Avalia\u00e7\u00e3o de riscos de meio ambiente, seguran\u00e7a e sa\u00fade ocupacional de processos e tarefas, segundo ISO 31000;<\/li>\n<li>Adequa\u00e7\u00e3o de sistemas de gest\u00e3o de empresas da cadeia produtiva Off-shore e prepara\u00e7\u00e3o destas para o PEOTRAM (Programa de Excel\u00eancia<br \/>\nOperacional do Transporte A\u00e9reo e Mar\u00edtimo da Petrobras);<\/li>\n<li>Obten\u00e7\u00e3o do Registro no Cadastro de Fornecedores da Petrobras;<\/li>\n<li>Implanta\u00e7\u00e3o de Sistemas de Gest\u00e3o da Qualidade e Produtividade para a Constru\u00e7\u00e3o Civil conforme PBQP-H (Programa Brasileiro de Qualidade e Produtividade do Habitat);<\/li>\n<\/ol>\n<div class=\"fusion-clearfix\"><\/div><\/div><\/div><div class=\"fusion-clearfix\"><\/div><div class=\"fusion-one-full fusion-layout-column fusion-column-last fusion-spacing-yes\" style=\"margin-top:15px;margin-bottom:15px;\"><div class=\"fusion-column-wrapper\"><div class=\"fusion-sep-clear\"><\/div><div class=\"fusion-separator fusion-full-width-sep sep-single\" style=\"border-color:#dddddd;border-top-width:1px;margin-left: auto;margin-right: auto;margin-top:20px;margin-bottom:10px;\"><\/div><div class=\"fusion-clearfix\"><\/div><\/div><\/div><div class=\"fusion-clearfix\"><\/div><\/div><\/div><div class=\"fusion-fullwidth fullwidth-box fusion-fullwidth-2  fusion-parallax-none nonhundred-percent-fullwidth\" style=\"border-color:#eae9e9;border-bottom-width: 0px;border-top-width: 0px;border-bottom-style: solid;border-top-style: solid;padding-bottom:0px;padding-top:20px;padding-left:;padding-right:;background-color:#f6f6f6;\" id=\"seguranca\"><style type=\"text\/css\" scoped=\"scoped\">.fusion-fullwidth-2 {\n                            padding-left: px !important;\n                            padding-right: px !important;\n                        }<\/style><div class=\"fusion-row\"><div class=\"fusion-one-sixth fusion-layout-column fusion-spacing-yes\" style=\"margin-top:15px;margin-bottom:15px;\"><div class=\"fusion-column-wrapper\"><span class=\"fusion-imageframe imageframe-none imageframe-2 hover-type-none\"> <img decoding=\"async\" src=\"https:\/\/hcbconsultoria.com.br\/site\/wp-content\/uploads\/gestao-de-seguranca.png\" alt=\"\" class=\"img-responsive\"\/><\/span><div class=\"fusion-clearfix\"><\/div><\/div><\/div><div class=\"fusion-five-sixth fusion-layout-column fusion-column-last fusion-spacing-yes services\" style=\"margin-top:15px;margin-bottom:15px;\"><div class=\"fusion-column-wrapper\"><h4>Suporte em Seguran\u00e7a do Trabalho<\/h4>\n<p>Possuindo experi\u00eancia na realiza\u00e7\u00e3o deste tipo de servi\u00e7o para grandes Clientes, a HCB Consultoria fornece uma s\u00e9rie de solu\u00e7\u00f5es de apoio a gest\u00e3o rotineira de meio ambiente, seguran\u00e7a e sa\u00fade do trabalho, provendo equipes capacitadas para auxiliar os Clientes a manter condi\u00e7\u00f5es adequadas de seguran\u00e7a no dia-a-dia de suas opera\u00e7\u00f5es, entre as quais:<\/p>\n<ol>\n<li>Avalia\u00e7\u00f5es de Riscos;<\/li>\n<li>Libera\u00e7\u00e3o de \u00c1reas de Trabalho;<\/li>\n<li>Classifica\u00e7\u00e3o de \u00c1reas Perigosas;<\/li>\n<li>Inspe\u00e7\u00f5es rotineiras de seguran\u00e7a nos locais de trabalho para verifica\u00e7\u00e3o de cumprimento de procedimentos e requisitos regulat\u00f3rios;<\/li>\n<li>Medi\u00e7\u00f5es das condi\u00e7\u00f5es ambientais do trabalho;<\/li>\n<li>Fiscaliza\u00e7\u00e3o de seguran\u00e7a do trabalho em atividades realizadas por empresas Contratadas;<\/li>\n<li>Gest\u00e3o de Mudan\u00e7as;<\/li>\n<li>Treinamento e Capacita\u00e7\u00e3o de Profissionais;<\/li>\n<li>Investiga\u00e7\u00e3o e An\u00e1lise de Acidentes e Incidentes;<\/li>\n<li>Prontid\u00e3o para atua\u00e7\u00e3o em situa\u00e7\u00f5es de emerg\u00eancia;<\/li>\n<li>Resgate t\u00e9cnico industrial.<\/li>\n<\/ol>\n<div class=\"fusion-clearfix\"><\/div><\/div><\/div><div class=\"fusion-clearfix\"><\/div><div class=\"fusion-one-full fusion-layout-column fusion-column-last fusion-spacing-yes\" style=\"margin-top:15px;margin-bottom:15px;\"><div class=\"fusion-column-wrapper\"><div class=\"fusion-sep-clear\"><\/div><div class=\"fusion-separator fusion-full-width-sep sep-single\" style=\"border-color:#dddddd;border-top-width:1px;margin-left: auto;margin-right: auto;margin-top:20px;margin-bottom:10px;\"><\/div><div class=\"fusion-clearfix\"><\/div><\/div><\/div><div class=\"fusion-clearfix\"><\/div><\/div><\/div><div class=\"fusion-fullwidth fullwidth-box fusion-fullwidth-3  fusion-parallax-none nonhundred-percent-fullwidth\" style=\"border-color:#eae9e9;border-bottom-width: 0px;border-top-width: 0px;border-bottom-style: solid;border-top-style: solid;padding-bottom:0px;padding-top:20px;padding-left:;padding-right:;background-color:#f6f6f6;\" id=\"processos\"><style type=\"text\/css\" scoped=\"scoped\">.fusion-fullwidth-3 {\n                            padding-left: px !important;\n                            padding-right: px !important;\n                        }<\/style><div class=\"fusion-row\"><div class=\"fusion-one-sixth fusion-layout-column fusion-spacing-yes\" style=\"margin-top:15px;margin-bottom:15px;\"><div class=\"fusion-column-wrapper\"><span class=\"fusion-imageframe imageframe-none imageframe-3 hover-type-none\"> <img decoding=\"async\" src=\"https:\/\/hcbconsultoria.com.br\/site\/wp-content\/uploads\/gestao-de-projetos.png\" alt=\"\" class=\"img-responsive\"\/><\/span><div class=\"fusion-clearfix\"><\/div><\/div><\/div><div class=\"fusion-five-sixth fusion-layout-column fusion-column-last fusion-spacing-yes services\" style=\"margin-top:15px;margin-bottom:15px;\"><div class=\"fusion-column-wrapper\"><h4>Gest\u00e3o de Processos &#8211; BPM (Business Process Management)<\/h4>\n<ol>\n<li>Mapeamento e An\u00e1lise de Processos \u201cAs Is\u201d e \u201cTo Be\u201d;<\/li>\n<li>Desenvolvimento de indicadores e m\u00e9tricas de desempenho dos processos, considerando a percep\u00e7\u00e3o do Cliente ao longo de toda a cadeia produtiva;<\/li>\n<li>Desenho de fluxogramas de processos;<\/li>\n<li>Padroniza\u00e7\u00e3o de processos, atividades e tarefas;<\/li>\n<li>Categoriza\u00e7\u00e3o de processos prim\u00e1rios do neg\u00f3cio e processos de apoio;<\/li>\n<li>Aplica\u00e7\u00e3o de t\u00e9cnicas de prioriza\u00e7\u00e3o e melhoria de processos.<\/li>\n<\/ol>\n<div class=\"fusion-clearfix\"><\/div><\/div><\/div><div class=\"fusion-clearfix\"><\/div><div class=\"fusion-one-full fusion-layout-column fusion-column-last fusion-spacing-yes\" style=\"margin-top:15px;margin-bottom:15px;\"><div class=\"fusion-column-wrapper\"><div class=\"fusion-sep-clear\"><\/div><div class=\"fusion-separator fusion-full-width-sep sep-single\" style=\"border-color:#dddddd;border-top-width:1px;margin-left: auto;margin-right: auto;margin-top:20px;margin-bottom:10px;\"><\/div><div class=\"fusion-clearfix\"><\/div><\/div><\/div><div class=\"fusion-clearfix\"><\/div><\/div><\/div><div class=\"fusion-fullwidth fullwidth-box fusion-fullwidth-4  fusion-parallax-none nonhundred-percent-fullwidth\" style=\"border-color:#eae9e9;border-bottom-width: 0px;border-top-width: 0px;border-bottom-style: solid;border-top-style: solid;padding-bottom:0px;padding-top:20px;padding-left:;padding-right:;background-color:#f6f6f6;\" id=\"auditorias\"><style type=\"text\/css\" scoped=\"scoped\">.fusion-fullwidth-4 {\n                            padding-left: px !important;\n                            padding-right: px !important;\n                        }<\/style><div class=\"fusion-row\"><div class=\"fusion-one-sixth fusion-layout-column fusion-spacing-yes\" style=\"margin-top:15px;margin-bottom:15px;\"><div class=\"fusion-column-wrapper\"><span class=\"fusion-imageframe imageframe-none imageframe-4 hover-type-none\"> <img decoding=\"async\" src=\"https:\/\/hcbconsultoria.com.br\/site\/wp-content\/uploads\/auditoria.png\" alt=\"\" class=\"img-responsive\"\/><\/span><div class=\"fusion-clearfix\"><\/div><\/div><\/div><div class=\"fusion-five-sixth fusion-layout-column fusion-column-last fusion-spacing-yes services\" style=\"margin-top:15px;margin-bottom:15px;\"><div class=\"fusion-column-wrapper\"><h4>Auditorias, Inspe\u00e7\u00f5es e Avalia\u00e7\u00f5es da Gest\u00e3o da Qualidade, Meio Ambiente, Seguran\u00e7a e Sa\u00fade Ocupacional e ESG<\/h4>\n<ol>\n<li>Auditorias Internas do Sistema de Gest\u00e3o da Qualidade, Meio Ambiente, Seguran\u00e7a e Sa\u00fade Ocupacional segundo as normas ISO 9001, ISO 14001 e ISO 45001\/OHSAS 18001;<\/li>\n<li>Auditorias e avalia\u00e7\u00f5es em pr\u00e1ticas recomendadas ESG segundo a norma ABNT PR 2030;<\/li>\n<li>Avalia\u00e7\u00f5es Internas de adequa\u00e7\u00e3o de Sistemas de Gest\u00e3o Integrados a ANP 43, PAG-SMS e PEOTRAM;<\/li>\n<li>Auditorias e Inspe\u00e7\u00f5es de QSMS em Unidades do Cliente (1\u00aa Parte) e\/ou em seus Fornecedores (2\u00aa Parte);<\/li>\n<li>Auditorias Internas do Sistema de Gest\u00e3o da Qualidade, segundo o Regulamento T\u00e9cnico do SiAC (Sistema de Avalia\u00e7\u00e3o da Conformidade de Empresas de Servi\u00e7os e Obras da Constru\u00e7\u00e3o Civil que regula PBQP-H (Programa Brasileiro de Qualidade e Produtividade do Habitat);<\/li>\n<li>Auditorias e Inspe\u00e7\u00f5es de verifica\u00e7\u00e3o da conformidade de requisitos legais e estatut\u00e1rios.<\/li>\n<\/ol>\n<div class=\"fusion-clearfix\"><\/div><\/div><\/div><div class=\"fusion-clearfix\"><\/div><div class=\"fusion-one-full fusion-layout-column fusion-column-last fusion-spacing-yes\" style=\"margin-top:15px;margin-bottom:15px;\"><div class=\"fusion-column-wrapper\"><div class=\"fusion-sep-clear\"><\/div><div class=\"fusion-separator fusion-full-width-sep sep-single\" style=\"border-color:#dddddd;border-top-width:1px;margin-left: auto;margin-right: auto;margin-top:20px;margin-bottom:10px;\"><\/div><div class=\"fusion-clearfix\"><\/div><\/div><\/div><div class=\"fusion-clearfix\"><\/div><\/div><\/div><div class=\"fusion-fullwidth fullwidth-box fusion-fullwidth-5  fusion-parallax-none nonhundred-percent-fullwidth\" style=\"border-color:#eae9e9;border-bottom-width: 0px;border-top-width: 0px;border-bottom-style: solid;border-top-style: solid;padding-bottom:0px;padding-top:20px;padding-left:;padding-right:;background-color:#f6f6f6;\" id=\"tercerizacao\"><style type=\"text\/css\" scoped=\"scoped\">.fusion-fullwidth-5 {\n                            padding-left: px !important;\n                            padding-right: px !important;\n                        }<\/style><div class=\"fusion-row\"><div class=\"fusion-one-sixth fusion-layout-column fusion-spacing-yes\" style=\"margin-top:15px;margin-bottom:15px;\"><div class=\"fusion-column-wrapper\"><span class=\"fusion-imageframe imageframe-none imageframe-5 hover-type-none\"> <img decoding=\"async\" src=\"https:\/\/hcbconsultoria.com.br\/site\/wp-content\/uploads\/tercerizacao.png\" alt=\"\" class=\"img-responsive\"\/><\/span><div class=\"fusion-clearfix\"><\/div><\/div><\/div><div class=\"fusion-five-sixth fusion-layout-column fusion-column-last fusion-spacing-yes services\" style=\"margin-top:15px;margin-bottom:0px;\"><div class=\"fusion-column-wrapper\"><h4>Servi\u00e7os de Terceiriza\u00e7\u00e3o dos Processos de Neg\u00f3cios (BPO \u2013 Business Process Outsoucing)<\/h4>\n<p>Buscando atender empresas focadas nos processos centrais de seu neg\u00f3cio, a HCB Consultoria fornece solu\u00e7\u00f5es para terceiriza\u00e7\u00e3o das atividades t\u00e9cnicas de suporte ao planejamento, monitoramento e controle de processos assess\u00f3rios dessas empresas, levando a aumento da produtividade e efici\u00eancia e redu\u00e7\u00e3o de custos.<\/p>\n<div class=\"fusion-clearfix\"><\/div><\/div><\/div><div class=\"fusion-clearfix\"><\/div><\/div><\/div>\n","protected":false},"excerpt":{"rendered":"","protected":false},"author":1,"featured_media":0,"parent":0,"menu_order":0,"comment_status":"closed","ping_status":"closed","template":"","meta":{"footnotes":""},"class_list":["post-13","page","type-page","status-publish","hentry"],"_links":{"self":[{"href":"https:\/\/hcbconsultoria.com.br\/site\/wp-json\/wp\/v2\/pages\/13","targetHints":{"allow":["GET"]}}],"collection":[{"href":"https:\/\/hcbconsultoria.com.br\/site\/wp-json\/wp\/v2\/pages"}],"about":[{"href":"https:\/\/hcbconsultoria.com.br\/site\/wp-json\/wp\/v2\/types\/page"}],"author":[{"embeddable":true,"href":"https:\/\/hcbconsultoria.com.br\/site\/wp-json\/wp\/v2\/users\/1"}],"replies":[{"embeddable":true,"href":"https:\/\/hcbconsultoria.com.br\/site\/wp-json\/wp\/v2\/comments?post=13"}],"version-history":[{"count":36,"href":"https:\/\/hcbconsultoria.com.br\/site\/wp-json\/wp\/v2\/pages\/13\/revisions"}],"predecessor-version":[{"id":316,"href":"https:\/\/hcbconsultoria.com.br\/site\/wp-json\/wp\/v2\/pages\/13\/revisions\/316"}],"wp:attachment":[{"href":"https:\/\/hcbconsultoria.com.br\/site\/wp-json\/wp\/v2\/media?parent=13"}],"curies":[{"name":"wp","href":"https:\/\/api.w.org\/{rel}","templated":true}]}}