{"id":160,"date":"2019-06-25T17:05:36","date_gmt":"2019-06-25T20:05:36","guid":{"rendered":"https:\/\/hcbconsultoria.com.br\/site\/?page_id=160"},"modified":"2019-06-26T10:19:05","modified_gmt":"2019-06-26T13:19:05","slug":"suporte-em-seguranca-do-trabalho","status":"publish","type":"page","link":"https:\/\/hcbconsultoria.com.br\/site\/suporte-em-seguranca-do-trabalho\/","title":{"rendered":"Suporte em Seguran\u00e7a do Trabalho"},"content":{"rendered":"<div class=\"fusion-fullwidth fullwidth-box fusion-fullwidth-1  fusion-parallax-none nonhundred-percent-fullwidth\" style=\"border-color:#eae9e9;border-bottom-width: 0px;border-top-width: 0px;border-bottom-style: solid;border-top-style: solid;padding-bottom:0px;padding-top:0px;padding-left:;padding-right:;background-color:#f6f6f6;\" id=\"tercerizacao\"><style type=\"text\/css\" scoped=\"scoped\">.fusion-fullwidth-1 {\n                            padding-left: px !important;\n                            padding-right: px !important;\n                        }<\/style><div class=\"fusion-row\"><div class=\"fusion-one-full fusion-layout-column fusion-column-last fusion-spacing-yes services-intern\" style=\"margin-top:15px;margin-bottom:0px;\"><div class=\"fusion-column-wrapper\"><p>A preven\u00e7\u00e3o de acidentes e doen\u00e7as ocupacionais e o respeito ao meio ambiente s\u00e3o fatores fundamentais para a sustentabilidade dos neg\u00f3cios empresariais, sendo primordial a provis\u00e3o de recursos e condi\u00e7\u00f5es para assegurar a integridade de equipamentos e instala\u00e7\u00f5es, a conformidade com requisitos regulat\u00f3rios, a sa\u00fade e seguran\u00e7a de seus colaboradores e a preserva\u00e7\u00e3o do meio ambiente.<\/p>\n<p>Desta forma, se faz necess\u00e1rio a implanta\u00e7\u00e3o de pr\u00e1ticas de gest\u00e3o de meio ambiente, seguran\u00e7a e sa\u00fade ocupacional nas rotinas de trabalho, tais como:<\/p>\n<ol>\n<li>An\u00e1lises de Riscos sistem\u00e1ticas;<\/li>\n<li>An\u00e1lises para Libera\u00e7\u00e3o de \u00e1reas de trabalho;<\/li>\n<li>Classifica\u00e7\u00e3o de \u00e1reas perigosas;<\/li>\n<li>Inspe\u00e7\u00f5es sistem\u00e1ticas nos locais de trabalho;<\/li>\n<li>Medi\u00e7\u00f5es das condi\u00e7\u00f5es ambientais do trabalho;<\/li>\n<li>Realiza\u00e7\u00e3o de Treinamentos e conscientiza\u00e7\u00f5es cont\u00ednuas;<\/li>\n<li>Inspe\u00e7\u00f5es cotidianas para verifica\u00e7\u00e3o de atendimento a requisitos legais de seguran\u00e7a e sa\u00fade ocupacional e meio ambiente;<\/li>\n<li>Controle sobre atividades de empresas contratadas;<\/li>\n<li>Pr\u00e1ticas de gest\u00e3o de mudan\u00e7as;<\/li>\n<li>Pr\u00e1ticas de monitoramento e controle de vari\u00e1veis e desempenho em SMS;<\/li>\n<li>An\u00e1lises e investiga\u00e7\u00e3o de acidentes;<\/li>\n<li>Prontid\u00e3o para atua\u00e7\u00e3o em situa\u00e7\u00f5es de emerg\u00eancias e resgate em ambientes confinados.<\/li>\n<\/ol>\n<p>No entanto, implementar tais pr\u00e1ticas e assegurar tais condi\u00e7\u00f5es \u00e9 tarefa desafiadora, especialmente para empresas de grande e m\u00e9dio porte que possuam muitos servi\u00e7os contratados e sub-contratados. Nestas situa\u00e7\u00f5es, a contrata\u00e7\u00e3o de empresas especializadas na presta\u00e7\u00e3o de servi\u00e7os terceirizados de apoio \u00e0 gest\u00e3o de meio ambiente, seguran\u00e7a e sa\u00fade do trabalho agrega enorme valor \u00e0 gest\u00e3o, aumentando a produtividade e a efici\u00eancia, diminuindo custos e evitando perdas por interrup\u00e7\u00f5es.<\/p>\n<p>A HCB Consultoria possui vasta experi\u00eancia na presta\u00e7\u00e3o deste tipo de servi\u00e7o, atuando em \u00e1reas perigosas para grandes Clientes, sempre contando com equipes altamente qualificadas para a execu\u00e7\u00e3o destes servi\u00e7os e com enorme compromisso com os valores das organiza\u00e7\u00f5es e com a cultura de seguran\u00e7a.<\/p>\n<div class=\"fusion-clearfix\"><\/div><\/div><\/div><div class=\"fusion-clearfix\"><\/div><\/div><\/div>\n","protected":false},"excerpt":{"rendered":"","protected":false},"author":1,"featured_media":0,"parent":0,"menu_order":0,"comment_status":"closed","ping_status":"closed","template":"","meta":{"footnotes":""},"class_list":["post-160","page","type-page","status-publish","hentry"],"_links":{"self":[{"href":"https:\/\/hcbconsultoria.com.br\/site\/wp-json\/wp\/v2\/pages\/160","targetHints":{"allow":["GET"]}}],"collection":[{"href":"https:\/\/hcbconsultoria.com.br\/site\/wp-json\/wp\/v2\/pages"}],"about":[{"href":"https:\/\/hcbconsultoria.com.br\/site\/wp-json\/wp\/v2\/types\/page"}],"author":[{"embeddable":true,"href":"https:\/\/hcbconsultoria.com.br\/site\/wp-json\/wp\/v2\/users\/1"}],"replies":[{"embeddable":true,"href":"https:\/\/hcbconsultoria.com.br\/site\/wp-json\/wp\/v2\/comments?post=160"}],"version-history":[{"count":6,"href":"https:\/\/hcbconsultoria.com.br\/site\/wp-json\/wp\/v2\/pages\/160\/revisions"}],"predecessor-version":[{"id":178,"href":"https:\/\/hcbconsultoria.com.br\/site\/wp-json\/wp\/v2\/pages\/160\/revisions\/178"}],"wp:attachment":[{"href":"https:\/\/hcbconsultoria.com.br\/site\/wp-json\/wp\/v2\/media?parent=160"}],"curies":[{"name":"wp","href":"https:\/\/api.w.org\/{rel}","templated":true}]}}