{"id":189,"date":"2019-06-26T11:27:26","date_gmt":"2019-06-26T14:27:26","guid":{"rendered":"https:\/\/hcbconsultoria.com.br\/site\/?page_id=189"},"modified":"2019-06-26T11:30:26","modified_gmt":"2019-06-26T14:30:26","slug":"cursos-iso","status":"publish","type":"page","link":"https:\/\/hcbconsultoria.com.br\/site\/cursos-iso\/","title":{"rendered":"Cursos ISO 9001 e ISO 14001 vers\u00e3o 2015 + Diagn\u00f3stico"},"content":{"rendered":"<div class=\"fusion-fullwidth fullwidth-box fusion-fullwidth-1  fusion-parallax-none nonhundred-percent-fullwidth\" style=\"border-color:#eae9e9;border-bottom-width: 0px;border-top-width: 0px;border-bottom-style: solid;border-top-style: solid;padding-bottom:0px;padding-top:0px;padding-left:;padding-right:;background-color:#f6f6f6;\" id=\"tercerizacao\"><style type=\"text\/css\" scoped=\"scoped\">.fusion-fullwidth-1 {\n                            padding-left: px !important;\n                            padding-right: px !important;\n                        }<\/style><div class=\"fusion-row\"><div class=\"fusion-one-full fusion-layout-column fusion-column-last fusion-spacing-yes services-intern\" style=\"margin-top:15px;margin-bottom:0px;\"><div class=\"fusion-column-wrapper\"><div class=\"imageframe-align-center\"><span class=\"fusion-imageframe imageframe-none imageframe-1 hover-type-none\"> <img decoding=\"async\" alt=\"\" src=\"https:\/\/hcbconsultoria.com.br\/site\/wp-content\/uploads\/consultoria_offshore.jpg\" class=\"img-responsive\"\/><\/span><\/div><div class=\"fusion-sep-clear\"><\/div><div class=\"fusion-separator fusion-full-width-sep sep-none\" style=\"border-color:#eaeaea;margin-left: auto;margin-right: auto;margin-top:20px;margin-bottom:20px;\"><\/div><p>Com a aprova\u00e7\u00e3o das novas vers\u00f5es das normas NBR ISO 9001:20015 e NBR ISO 14001:2015 surge a necessidade de atualiza\u00e7\u00e3o das equipes dedicadas \u00e0 gest\u00e3o dos Sistemas de Gest\u00e3o da Qualidade e Meio Ambiente das empresas para que possam conduzir os processos de adequa\u00e7\u00e3o e manuten\u00e7\u00e3o dos Sistemas de Gest\u00e3o existentes.<\/p>\n<p>A fim de suprir essa necessidade, a HCB Consultoria disponibiliza cursos \u201cin company\u201d de Interpreta\u00e7\u00e3o e Implementa\u00e7\u00e3o de ambas as normas isoladamente, com carga hor\u00e1ria de 16 horas cada, para turmas com at\u00e9 20 alunos, reduzindo custos para a capacita\u00e7\u00e3o destes profissionais. Os cursos tamb\u00e9m podem ser realizados de forma integrada nas duas normas, desta feita em 24 horas aula.<\/p>\n<p>Tamb\u00e9m oferecemos cursos de atualiza\u00e7\u00e3o (up grade) nas novas vers\u00f5es para profissionais que j\u00e1 tenham conhecimento nas vers\u00f5es anteriores e maior viv\u00eancia na manuten\u00e7\u00e3o de Sistema de Gest\u00e3o, com carga hor\u00e1ria de 8 horas cada.<\/p>\n<p>Nosso diferencial \u00e9 a customiza\u00e7\u00e3o dos cursos de acordo com o neg\u00f3cio do Cliente, mediante aplica\u00e7\u00e3o de casos pr\u00e1ticos origin\u00e1rios das suas atividades e n\u00e3o casos gen\u00e9ricos, conforme normalmente ofertado em cursos de &#8220;prateleira&#8221;. Esse m\u00e9todo facilita enormente o aprendizado dos conceitos e a futura implementa\u00e7\u00e3o dos mesmos.<\/p>\n<p>Adicionalmente, a HCB Consultoria oferece aos seus Clientes a realiza\u00e7\u00e3o de Diagn\u00f3stico para adequa\u00e7\u00e3o do Sistema de Gest\u00e3o da Qualidade e Meio Ambiente \u00e0s novas vers\u00f5es. Este \u00e9 um trabalho de suma import\u00e2ncia, j\u00e1 que houve mudan\u00e7as significativas nestas novas vers\u00f5es que implicar\u00e3o em adapta\u00e7\u00f5es relevantes e novas abordagens.<\/p>\n<p>Especialmente a ISO 9001:2015, com a incorpora\u00e7\u00e3o de avalia\u00e7\u00e3o de riscos e oportunidades do neg\u00f3cio, abre uma possibilidade para que as empresas n\u00e3o apenas busquem a adequa\u00e7\u00e3o do Sistema de Gest\u00e3o, mas aproveitem o momento para introduzir modernas pr\u00e1ticas de gest\u00e3o, tais como BPM (Business Process Management) e Business Continuity (Continuidade de Neg\u00f3cios), para efetivamente agregar valor e gerar resultados como aumento da produtividade, redu\u00e7\u00e3o de custos e falhas.<\/p>\n<p>A HCB Consultoria oferece pacotes de servi\u00e7os de acordo com a necessidade do Cliente.\u00a0<a href=\"https:\/\/hcbconsultoria.com.br\/site\/cases\">Visite nossos Cases<\/a><\/p>\n<div class=\"fusion-sep-clear\"><\/div><div class=\"fusion-separator fusion-full-width-sep sep-none\" style=\"border-color:#eaeaea;margin-left: auto;margin-right: auto;margin-top:20px;margin-bottom:20px;\"><\/div><div class=\"fusion-button-wrapper fusion-aligncenter\"><style type=\"text\/css\" scoped=\"scoped\">.fusion-button.button-1 .fusion-button-text, .fusion-button.button-1 i {color:#ffffff;}.fusion-button.button-1 {border-width:0px;border-color:#ffffff;}.fusion-button.button-1 .fusion-button-icon-divider{border-color:#ffffff;}.fusion-button.button-1:hover .fusion-button-text, .fusion-button.button-1:hover i,.fusion-button.button-1:focus .fusion-button-text, .fusion-button.button-1:focus i,.fusion-button.button-1:active .fusion-button-text, .fusion-button.button-1:active{color:#fff;}.fusion-button.button-1:hover, .fusion-button.button-1:focus, .fusion-button.button-1:active{border-width:0px;border-color:#fff;}.fusion-button.button-1:hover .fusion-button-icon-divider, .fusion-button.button-1:hover .fusion-button-icon-divider, .fusion-button.button-1:active .fusion-button-icon-divider{border-color:#fff;}.fusion-button.button-1{background: #a6bf37;}.fusion-button.button-1:hover,.button-1:focus,.fusion-button.button-1:active{background: #82a329;}.fusion-button.button-1{width:auto;}<\/style><a class=\"fusion-button button-flat button-pill button-medium button-default button-1\" target=\"_self\" href=\"https:\/\/hcbconsultoria.com.br\/site\/contato\"><span class=\"fusion-button-text\">fa\u00e7a um or\u00e7amento conosco<\/span><\/a><\/div><div class=\"fusion-clearfix\"><\/div><\/div><\/div><div class=\"fusion-clearfix\"><\/div><\/div><\/div>\n","protected":false},"excerpt":{"rendered":"","protected":false},"author":1,"featured_media":0,"parent":0,"menu_order":0,"comment_status":"closed","ping_status":"closed","template":"","meta":{"footnotes":""},"class_list":["post-189","page","type-page","status-publish","hentry"],"_links":{"self":[{"href":"https:\/\/hcbconsultoria.com.br\/site\/wp-json\/wp\/v2\/pages\/189","targetHints":{"allow":["GET"]}}],"collection":[{"href":"https:\/\/hcbconsultoria.com.br\/site\/wp-json\/wp\/v2\/pages"}],"about":[{"href":"https:\/\/hcbconsultoria.com.br\/site\/wp-json\/wp\/v2\/types\/page"}],"author":[{"embeddable":true,"href":"https:\/\/hcbconsultoria.com.br\/site\/wp-json\/wp\/v2\/users\/1"}],"replies":[{"embeddable":true,"href":"https:\/\/hcbconsultoria.com.br\/site\/wp-json\/wp\/v2\/comments?post=189"}],"version-history":[{"count":2,"href":"https:\/\/hcbconsultoria.com.br\/site\/wp-json\/wp\/v2\/pages\/189\/revisions"}],"predecessor-version":[{"id":192,"href":"https:\/\/hcbconsultoria.com.br\/site\/wp-json\/wp\/v2\/pages\/189\/revisions\/192"}],"wp:attachment":[{"href":"https:\/\/hcbconsultoria.com.br\/site\/wp-json\/wp\/v2\/media?parent=189"}],"curies":[{"name":"wp","href":"https:\/\/api.w.org\/{rel}","templated":true}]}}