{"id":193,"date":"2019-06-26T11:33:05","date_gmt":"2019-06-26T14:33:05","guid":{"rendered":"https:\/\/hcbconsultoria.com.br\/site\/?page_id=193"},"modified":"2025-05-07T18:45:17","modified_gmt":"2025-05-07T21:45:17","slug":"cases","status":"publish","type":"page","link":"https:\/\/hcbconsultoria.com.br\/site\/cases\/","title":{"rendered":"Cases"},"content":{"rendered":"<div class=\"fusion-fullwidth fullwidth-box fusion-fullwidth-1  fusion-parallax-none nonhundred-percent-fullwidth\" style=\"border-color:#eae9e9;border-bottom-width: 0px;border-top-width: 0px;border-bottom-style: solid;border-top-style: solid;padding-bottom:0px;padding-top:0px;padding-left:;padding-right:;background-color:#f6f6f6;\"><style type=\"text\/css\" scoped=\"scoped\">.fusion-fullwidth-1 {\n                            padding-left: px !important;\n                            padding-right: px !important;\n                        }<\/style><div class=\"fusion-row\"><div class=\"fusion-one-full fusion-layout-column fusion-column-last fusion-spacing-yes\" style=\"margin-top:15px;margin-bottom:0px;\"><div class=\"fusion-column-wrapper\"><p class=\"mt-40\">Ao longo de sua exist\u00eancia, a HCB Consultoria desenvolveu v\u00e1rios trabalhos de alta complexidade para implanta\u00e7\u00e3o de Sistemas de Gest\u00e3o Integrada, atuando como consultoria respons\u00e1vel em diversos projetos e tamb\u00e9m prestou diversos servi\u00e7os t\u00e9cnicos especializados e terceirizados de suporte a gest\u00e3o de SMS, em contratos de demanda continuada\u00a0 junto a Petrobras, conforme lista a seguir:<\/p>\n<div class=\"fusion-clearfix\"><\/div><\/div><\/div><div class=\"fusion-clearfix\"><\/div><div class=\"fusion-one-sixth fusion-layout-column fusion-spacing-yes\" style=\"margin-top:15px;margin-bottom:15px;\"><div class=\"fusion-column-wrapper\"><span class=\"fusion-imageframe imageframe-none imageframe-1 hover-type-none\"> <img decoding=\"async\" src=\"https:\/\/hcbconsultoria.com.br\/site\/wp-content\/uploads\/petrobras-1.png\" alt=\"\" class=\"img-responsive\"\/><\/span><div class=\"fusion-clearfix\"><\/div><\/div><\/div><div class=\"fusion-five-sixth fusion-layout-column fusion-column-last fusion-spacing-yes services-intern\" style=\"margin-top:15px;margin-bottom:15px;\"><div class=\"fusion-column-wrapper\"><ol>\n<li data-leveltext=\"%1.\" data-font=\"Aptos\" data-listid=\"4\" data-list-defn-props=\"{&quot;335552541&quot;:0,&quot;335559683&quot;:0,&quot;335559684&quot;:-1,&quot;335559685&quot;:720,&quot;335559991&quot;:360,&quot;469769242&quot;:&#091;65533,0,46&#093;,&quot;469777803&quot;:&quot;left&quot;,&quot;469777804&quot;:&quot;%1.&quot;,&quot;469777815&quot;:&quot;hybridMultilevel&quot;}\" aria-setsize=\"-1\" data-aria-posinset=\"1\" data-aria-level=\"1\"><span data-contrast=\"auto\">Servi\u00e7os T\u00e9cnicos Especializados em Planejamento e Controle da Manuten\u00e7\u00e3o e em Gest\u00e3o de SMS para a PETROBRAS\/UN-BC\/SE com equipe de ao menos 13 profissionais dedicados, com in\u00edcio de atividades em 2021 e dura\u00e7\u00e3o de 3 anos;<\/span><span data-ccp-props=\"{&quot;134233117&quot;:false,&quot;134233118&quot;:false,&quot;335551550&quot;:6,&quot;335551620&quot;:6,&quot;335559738&quot;:0,&quot;335559739&quot;:0}\">\u00a0<\/span><\/li>\n<li data-leveltext=\"%1.\" data-font=\"Aptos\" data-listid=\"4\" data-list-defn-props=\"{&quot;335552541&quot;:0,&quot;335559683&quot;:0,&quot;335559684&quot;:-1,&quot;335559685&quot;:720,&quot;335559991&quot;:360,&quot;469769242&quot;:&#091;65533,0,46&#093;,&quot;469777803&quot;:&quot;left&quot;,&quot;469777804&quot;:&quot;%1.&quot;,&quot;469777815&quot;:&quot;hybridMultilevel&quot;}\" aria-setsize=\"-1\" data-aria-posinset=\"1\" data-aria-level=\"1\"><span data-contrast=\"auto\">Servi\u00e7os T\u00e9cnicos Especializados em Gest\u00e3o de SMS para a PETROBRAS\/DP\/SSUB com equipe de ao menos 14 profissionais dedicados, com in\u00edcio de atividades em 2020 e dura\u00e7\u00e3o de 3 anos e meio;<\/span><span data-ccp-props=\"{&quot;335551550&quot;:6,&quot;335551620&quot;:6}\">\u00a0<\/span><\/li>\n<li data-leveltext=\"%1.\" data-font=\"Aptos\" data-listid=\"4\" data-list-defn-props=\"{&quot;335552541&quot;:0,&quot;335559683&quot;:0,&quot;335559684&quot;:-1,&quot;335559685&quot;:720,&quot;335559991&quot;:360,&quot;469769242&quot;:&#091;65533,0,46&#093;,&quot;469777803&quot;:&quot;left&quot;,&quot;469777804&quot;:&quot;%1.&quot;,&quot;469777815&quot;:&quot;hybridMultilevel&quot;}\" aria-setsize=\"-1\" data-aria-posinset=\"1\" data-aria-level=\"1\"><span data-contrast=\"auto\">Servi\u00e7os de Seguran\u00e7a do Trabalho e Gest\u00e3o de SMS para a PETROBRAS\/COMPARTILHADO em mais de 10 instala\u00e7\u00f5es diferentes no Rio de Janeiro, com equipe de mais de 40 profissionais dedicados, com in\u00edcio de atividades em 2017 e final em 2020;<\/span><span data-ccp-props=\"{&quot;335551550&quot;:6,&quot;335551620&quot;:6}\">\u00a0<\/span><\/li>\n<li data-leveltext=\"%1.\" data-font=\"Aptos\" data-listid=\"4\" data-list-defn-props=\"{&quot;335552541&quot;:0,&quot;335559683&quot;:0,&quot;335559684&quot;:-1,&quot;335559685&quot;:720,&quot;335559991&quot;:360,&quot;469769242&quot;:&#091;65533,0,46&#093;,&quot;469777803&quot;:&quot;left&quot;,&quot;469777804&quot;:&quot;%1.&quot;,&quot;469777815&quot;:&quot;hybridMultilevel&quot;}\" aria-setsize=\"-1\" data-aria-posinset=\"1\" data-aria-level=\"1\"><span data-contrast=\"auto\">Presta\u00e7\u00e3o de Servi\u00e7os de Seguran\u00e7a do Trabalho para a PETROBRAS\/E&amp;P\/UO-SEAL, com equipe de 20 profissionais dedicados, com in\u00edcio de atividades em 2016 e final em 2018;<\/span><\/li>\n<li data-leveltext=\"%1.\" data-font=\"Aptos\" data-listid=\"4\" data-list-defn-props=\"{&quot;335552541&quot;:0,&quot;335559683&quot;:0,&quot;335559684&quot;:-1,&quot;335559685&quot;:720,&quot;335559991&quot;:360,&quot;469769242&quot;:&#091;65533,0,46&#093;,&quot;469777803&quot;:&quot;left&quot;,&quot;469777804&quot;:&quot;%1.&quot;,&quot;469777815&quot;:&quot;hybridMultilevel&quot;}\" aria-setsize=\"-1\" data-aria-posinset=\"1\" data-aria-level=\"1\"><span data-contrast=\"auto\">Implanta\u00e7\u00e3o e Certifica\u00e7\u00e3o do Sistema de Gest\u00e3o Integrada nas normas ISO 9001:2000, ISO 14001:2004 e OHSAS 18001:1999 da PETROBRAS\/ENGENHARIA\/IERE \u2013 Implementa\u00e7\u00e3o de Empreendimentos para o Refino, com Certifica\u00e7\u00e3o obtida em dezembro de 2005;<\/span><\/li>\n<\/ol>\n<div class=\"fusion-clearfix\"><\/div><\/div><\/div><div class=\"fusion-clearfix\"><\/div><div class=\"fusion-one-full fusion-layout-column fusion-column-last fusion-spacing-yes\" style=\"margin-top:15px;margin-bottom:15px;\"><div class=\"fusion-column-wrapper\"><div class=\"fusion-sep-clear\"><\/div><div class=\"fusion-separator fusion-full-width-sep sep-single\" style=\"border-color:#dddddd;border-top-width:1px;margin-left: auto;margin-right: auto;margin-top:20px;margin-bottom:10px;\"><\/div><div class=\"fusion-clearfix\"><\/div><\/div><\/div><div class=\"fusion-clearfix\"><\/div><\/div><\/div><div class=\"fusion-fullwidth fullwidth-box fusion-fullwidth-2  fusion-parallax-none nonhundred-percent-fullwidth\" style=\"border-color:#eae9e9;border-bottom-width: 0px;border-top-width: 0px;border-bottom-style: solid;border-top-style: solid;padding-bottom:0px;padding-top:20px;padding-left:;padding-right:;background-color:#f6f6f6;\" id=\"seguranca\"><style type=\"text\/css\" scoped=\"scoped\">.fusion-fullwidth-2 {\n                            padding-left: px !important;\n                            padding-right: px !important;\n                        }<\/style><div class=\"fusion-row\"><div class=\"fusion-one-sixth fusion-layout-column fusion-spacing-yes\" style=\"margin-top:15px;margin-bottom:15px;\"><div class=\"fusion-column-wrapper\"><span class=\"fusion-imageframe imageframe-none imageframe-2 hover-type-none\"> <img decoding=\"async\" src=\"https:\/\/hcbconsultoria.com.br\/site\/wp-content\/uploads\/transpetro-2.jpg\" alt=\"\" class=\"img-responsive\"\/><\/span><div class=\"fusion-clearfix\"><\/div><\/div><\/div><div class=\"fusion-five-sixth fusion-layout-column fusion-column-last fusion-spacing-yes services-intern\" style=\"margin-top:15px;margin-bottom:15px;\"><div class=\"fusion-column-wrapper\"><ol class=\"mt35\">\n<li>Implanta\u00e7\u00e3o do Sistema de Gest\u00e3o Integrada (ISO 9001:2008, ISO 14001:2004 e OHSAS 18001:2007) da TRANSPETRO \u2013 Transporte Mar\u00edtimo (54 navios tanque, Estrutura de Sede e Base Operacional), com Certifica\u00e7\u00e3o obtida em Dezembro de 2008;<\/li>\n<li>Implanta\u00e7\u00e3o e Certifica\u00e7\u00e3o do Sistema de Gest\u00e3o Integrada (ISO 9001:2008, ISO 14001:2004 e OHSAS 18001:2007) do Rebocador da TRANSPETRO e prepara\u00e7\u00e3o do mesmo para o PEOTRAM (Programa de Excel\u00eancia Operacional no Transporte A\u00e9reo e Mar\u00edtimo da PETROBRAS\/E&amp;P &#8211; Explora\u00e7\u00e3o e Produ\u00e7\u00e3o), com Certifica\u00e7\u00e3o obtida em Dezembro de 2008;<\/li>\n<li>Reestrutura\u00e7\u00e3o do Sistema de Gest\u00e3o Integrado para Unifica\u00e7\u00e3o da Certifica\u00e7\u00e3o nas normas ISO 9001:2008,ISO 14001:2004 e OHSAS 18001:2007 de todas as unidades operacionais da TRANSPETRO, contemplando Transporte Mar\u00edtimo, Oleodutos, Gasodutos, Terminais e Planta de Processamento, conclu\u00eddo em Julho de 2010 com a obten\u00e7\u00e3o da Certifica\u00e7\u00e3o \u00danica da TRANSPETRO, contemplando 6 Malhas de Gasodutos, 1 Unidade de Processamento de G\u00e1s Natural, 22 Terminais Aquavi\u00e1rios, 27 Terminais Terrestres, 44 Navios, 1 Rebocador, 1 FSO e Sede;<\/li>\n<li>Adequa\u00e7\u00e3o do Sistema de Gest\u00e3o Integrada (ISO 9001:2008, ISO 14001:2004 e OHSAS 18001:2007) da Transpetro \u2013 Transporte Mar\u00edtimo \u00e0 Resolu\u00e7\u00e3o ANP 43(Regulamento T\u00e9cnico do Sistema de Gerenciamento da Seguran\u00e7a Operacional \u2013 SGSO), a fim de atender \u00e0s embarca\u00e7\u00f5es de apoio Offshore (FSO &#8211; Floating, Storage and Offloading Vessels), conclu\u00eddo em Novembro de 2010;<\/li>\n<li>Implanta\u00e7\u00e3o e Certifica\u00e7\u00e3o do Sistema de Gest\u00e3o Integrada nas normas ISO 9001:2008, ISO 14001:2004 e OHSAS 18001:2007 na Malha de Gasodutos do Norte da TRANSPETRO, contemplando os gasodutos GASCOM e GARSOL, com Certifica\u00e7\u00e3o obtida em Dezembro de 2012;<\/li>\n<li>Implanta\u00e7\u00e3o do Sistema de Gest\u00e3o Integrada (ISO 9001:2008, ISO 14001:2004 e OHSAS 18001:2007) no Terminal Aquavi\u00e1rio de Mucuripe (CE) da TRANSPETRO, conclu\u00eddo em Agosto de 2013;<\/li>\n<li>Implanta\u00e7\u00e3o do Sistema de Gest\u00e3o Integrada (ISO 9001:2008, ISO 14001:2004 e OHSAS 18001:2007) no Terminal de Regaseifica\u00e7\u00e3o de GNL de Pec\u00e9m (CE) da TRANSPETRO, conclu\u00eddo em Agosto de 2013;<\/li>\n<li>Adequa\u00e7\u00e3o do Sistema de Gest\u00e3o Integrada da TRANSPETRO \u00e0s 15 Diretrizes de SMS da Petrobras e padr\u00f5es associados, a fim de prepar\u00e1-lo para o PAG-SMS (Processo de Avalia\u00e7\u00e3o da Gest\u00e3o de SMS do Sistema Petrobras). Atividade realizada anualmente, por 8 anos consecutivos, para alinhamento das sistem\u00e1ticas do Sistema de Gest\u00e3o aos novos requisitos estabelecidos pela PETROBRAS\/SMES e posterior avalia\u00e7\u00e3o de implementa\u00e7\u00e3o no PAG-SMS.<\/li>\n<\/ol>\n<div class=\"fusion-clearfix\"><\/div><\/div><\/div><div class=\"fusion-clearfix\"><\/div><div class=\"fusion-one-full fusion-layout-column fusion-column-last fusion-spacing-yes\" style=\"margin-top:15px;margin-bottom:15px;\"><div class=\"fusion-column-wrapper\"><div class=\"fusion-sep-clear\"><\/div><div class=\"fusion-separator fusion-full-width-sep sep-single\" style=\"border-color:#dddddd;border-top-width:1px;margin-left: auto;margin-right: auto;margin-top:20px;margin-bottom:10px;\"><\/div><div class=\"fusion-clearfix\"><\/div><\/div><\/div><div class=\"fusion-clearfix\"><\/div><\/div><\/div><div class=\"fusion-fullwidth fullwidth-box fusion-fullwidth-3  fusion-parallax-none nonhundred-percent-fullwidth\" style=\"border-color:#eae9e9;border-bottom-width: 0px;border-top-width: 0px;border-bottom-style: solid;border-top-style: solid;padding-bottom:0px;padding-top:20px;padding-left:;padding-right:;background-color:#f6f6f6;\" id=\"processos\"><style type=\"text\/css\" scoped=\"scoped\">.fusion-fullwidth-3 {\n                            padding-left: px !important;\n                            padding-right: px !important;\n                        }<\/style><div class=\"fusion-row\"><div class=\"fusion-one-sixth fusion-layout-column fusion-spacing-yes\" style=\"margin-top:15px;margin-bottom:15px;\"><div class=\"fusion-column-wrapper\"><span class=\"fusion-imageframe imageframe-none imageframe-3 hover-type-none\"> <\/span><div class=\"fusion-clearfix\"><\/div><\/div><\/div><div class=\"fusion-five-sixth fusion-layout-column fusion-column-last fusion-spacing-yes services-intern\" style=\"margin-top:15px;margin-bottom:15px;\"><div class=\"fusion-column-wrapper\"><div class=\"fusion-clearfix\"><\/div><\/div><\/div><div class=\"fusion-clearfix\"><\/div><\/div><\/div>\n","protected":false},"excerpt":{"rendered":"","protected":false},"author":1,"featured_media":0,"parent":0,"menu_order":0,"comment_status":"closed","ping_status":"closed","template":"","meta":{"footnotes":""},"class_list":["post-193","page","type-page","status-publish","hentry"],"_links":{"self":[{"href":"https:\/\/hcbconsultoria.com.br\/site\/wp-json\/wp\/v2\/pages\/193","targetHints":{"allow":["GET"]}}],"collection":[{"href":"https:\/\/hcbconsultoria.com.br\/site\/wp-json\/wp\/v2\/pages"}],"about":[{"href":"https:\/\/hcbconsultoria.com.br\/site\/wp-json\/wp\/v2\/types\/page"}],"author":[{"embeddable":true,"href":"https:\/\/hcbconsultoria.com.br\/site\/wp-json\/wp\/v2\/users\/1"}],"replies":[{"embeddable":true,"href":"https:\/\/hcbconsultoria.com.br\/site\/wp-json\/wp\/v2\/comments?post=193"}],"version-history":[{"count":21,"href":"https:\/\/hcbconsultoria.com.br\/site\/wp-json\/wp\/v2\/pages\/193\/revisions"}],"predecessor-version":[{"id":320,"href":"https:\/\/hcbconsultoria.com.br\/site\/wp-json\/wp\/v2\/pages\/193\/revisions\/320"}],"wp:attachment":[{"href":"https:\/\/hcbconsultoria.com.br\/site\/wp-json\/wp\/v2\/media?parent=193"}],"curies":[{"name":"wp","href":"https:\/\/api.w.org\/{rel}","templated":true}]}}