{"id":2,"date":"2019-06-24T11:43:25","date_gmt":"2019-06-24T14:43:25","guid":{"rendered":"https:\/\/hcbconsultoria.com.br\/site\/?page_id=2"},"modified":"2025-05-07T19:22:01","modified_gmt":"2025-05-07T22:22:01","slug":"home","status":"publish","type":"page","link":"https:\/\/hcbconsultoria.com.br\/site\/","title":{"rendered":"Homepage"},"content":{"rendered":"<div class=\"fusion-fullwidth fullwidth-box fusion-fullwidth-1  fusion-parallax-none nonhundred-percent-fullwidth destaques\" style=\"border-color:#eae9e9;border-bottom-width: 0px;border-top-width: 0px;border-bottom-style: solid;border-top-style: solid;padding-bottom:0px;padding-top:80px;padding-left:0px;padding-right:0px;background-color:#ffffff;\"><style type=\"text\/css\" scoped=\"scoped\">.fusion-fullwidth-1 {\n                            padding-left: 0px !important;\n                            padding-right: 0px !important;\n                        }<\/style><div class=\"fusion-row\"><div class=\"fusion-one-third fusion-layout-column fusion-column-inner-bg-wrapper fusion-spacing-no border\" style=\"margin-top:0px;margin-bottom:0px;\"><div class=\"fusion-column-wrapper\" style=\"padding:40px 30px 30px;\"><div class=\"fusion-column-table\"><div class=\"fusion-column-tablecell\"><span style=\"margin-right:25px;float:left;\" class=\"fusion-imageframe imageframe-none imageframe-1 hover-type-none none\"> <img decoding=\"async\" src=\"https:\/\/hcbconsultoria.com.br\/site\/wp-content\/uploads\/seguranca.png\" alt=\"\" class=\"img-responsive\"\/><\/span><div class=\"fusion-sep-clear\"><\/div><div class=\"fusion-separator fusion-full-width-sep sep-none\" style=\"border-color:#eaeaea;margin-left: auto;margin-right: auto;margin-top:10px;\"><\/div><h4 style=\"margin-top: 0.2em; margin-bottom: 0.2em;\"><span style=\"color: #ffffff;\">Suporte em Seguran\u00e7a do Trabalho<\/span><\/h4>\n<div class=\"fusion-sep-clear\"><\/div><div class=\"fusion-separator fusion-full-width-sep sep-none\" style=\"border-color:#eaeaea;margin-left: auto;margin-right: auto;margin-top:10px;\"><\/div><p><span style=\"color: #ffffff;\">Atuando em \u00e1reas perigosas de grandes clientes com profissionais devidamente qualificados, apoiando a gest\u00e3o de Seguran\u00e7a e Sa\u00fade Ocupacional.<\/span><\/p>\n<div class=\"fusion-sep-clear\"><\/div><div class=\"fusion-separator fusion-full-width-sep sep-none\" style=\"border-color:#eaeaea;margin-left: auto;margin-right: auto;margin-top:20px;\"><\/div><span style=\"margin-right:25px;float:left;\" class=\"fusion-imageframe imageframe-none imageframe-2 hover-type-none none\"> <img decoding=\"async\" src=\"https:\/\/hcbconsultoria.com.br\/site\/wp-content\/uploads\/leia-mais.png\" alt=\"\" class=\"img-responsive\"\/><\/span><div class=\"fusion-clearfix\"><\/div><\/div><\/div><\/div><span class=\"fusion-column-inner-bg hover-type-none\"><a href=\"https:\/\/hcbconsultoria.com.br\/site\/suporte-em-seguranca-do-trabalho\/\"><span class=\"fusion-column-inner-bg-image\" style=\"background-color:#3e4095;\"><\/span><\/a><\/span><\/div><div class=\"fusion-one-third fusion-layout-column fusion-column-inner-bg-wrapper fusion-spacing-no border\" style=\"margin-top:0px;margin-bottom:0px;\"><div class=\"fusion-column-wrapper\" style=\"padding:40px 30px 30px;\"><div class=\"fusion-column-table\"><div class=\"fusion-column-tablecell\"><span style=\"margin-right:25px;float:left;\" class=\"fusion-imageframe imageframe-none imageframe-3 hover-type-none none\"> <img decoding=\"async\" src=\"https:\/\/hcbconsultoria.com.br\/site\/wp-content\/uploads\/consultoria.png\" alt=\"\" class=\"img-responsive\"\/><\/span><div class=\"fusion-sep-clear\"><\/div><div class=\"fusion-separator fusion-full-width-sep sep-none\" style=\"border-color:#eaeaea;margin-left: auto;margin-right: auto;margin-top:10px;\"><\/div><h4 style=\"margin-top: 0.2em; margin-bottom: 0.2em;\"><span style=\"color: #ffffff;\">Consultoria em ESG e Sustentabilidade<\/span><\/h4>\n<div class=\"fusion-sep-clear\"><\/div><div class=\"fusion-separator fusion-full-width-sep sep-none\" style=\"border-color:#eaeaea;margin-left: auto;margin-right: auto;margin-top:10px;\"><\/div><p><span style=\"color: #ffffff;\">Diagn\u00f3stico, consultoria e assessoria para implementa\u00e7\u00e3o de pr\u00e1ticas recomendadas ESG e Relatos de Sustentabilidade.<\/span><\/p>\n<div class=\"fusion-sep-clear\"><\/div><div class=\"fusion-separator fusion-full-width-sep sep-none\" style=\"border-color:#eaeaea;margin-left: auto;margin-right: auto;margin-top:43px;\"><\/div><span style=\"margin-right:25px;float:left;\" class=\"fusion-imageframe imageframe-none imageframe-4 hover-type-none none\"> <img decoding=\"async\" src=\"https:\/\/hcbconsultoria.com.br\/site\/wp-content\/uploads\/leia-mais.png\" alt=\"\" class=\"img-responsive\"\/><\/span><div class=\"fusion-clearfix\"><\/div><\/div><\/div><\/div><span class=\"fusion-column-inner-bg hover-type-none\"><a href=\"https:\/\/hcbconsultoria.com.br\/site\/treinamentos-in-company\"><span class=\"fusion-column-inner-bg-image\" style=\"background-color:#323474;\"><\/span><\/a><\/span><\/div><div class=\"fusion-one-third fusion-layout-column fusion-column-inner-bg-wrapper fusion-column-last fusion-spacing-no border\" style=\"margin-top:0px;margin-bottom:0px;\"><div class=\"fusion-column-wrapper\" style=\"padding:40px 30px 30px;\"><div class=\"fusion-column-table\"><div class=\"fusion-column-tablecell\"><span style=\"margin-right:25px;float:left;\" class=\"fusion-imageframe imageframe-none imageframe-5 hover-type-none none\"> <img decoding=\"async\" src=\"https:\/\/hcbconsultoria.com.br\/site\/wp-content\/uploads\/cursos.png\" alt=\"\" class=\"img-responsive\"\/><\/span><div class=\"fusion-sep-clear\"><\/div><div class=\"fusion-separator fusion-full-width-sep sep-none\" style=\"border-color:#eaeaea;margin-left: auto;margin-right: auto;margin-top:10px;\"><\/div><h4 style=\"margin-top: 0.2em; margin-bottom: 0.2em;\"><span style=\"color: #ffffff;\">Cursos ISO 9001 e ISO 14001:2015 + Diagn\u00f3stico de Transi\u00e7\u00e3o<\/span><\/h4>\n<div class=\"fusion-sep-clear\"><\/div><div class=\"fusion-separator fusion-full-width-sep sep-none\" style=\"border-color:#eaeaea;margin-left: auto;margin-right: auto;margin-top:10px;\"><\/div><p><span style=\"color: #ffffff;\">Pacotes customizados de servi\u00e7os para empresas certificadas e n\u00e3o certificadas, contemplando cursos &#8220;in company&#8221; para capacita\u00e7\u00e3o das equipes.<\/span><\/p>\n<div class=\"fusion-sep-clear\"><\/div><div class=\"fusion-separator fusion-full-width-sep sep-none\" style=\"border-color:#eaeaea;margin-left: auto;margin-right: auto;margin-top:21px;\"><\/div><span style=\"margin-right:25px;float:left;\" class=\"fusion-imageframe imageframe-none imageframe-6 hover-type-none none\"> <img decoding=\"async\" src=\"https:\/\/hcbconsultoria.com.br\/site\/wp-content\/uploads\/leia-mais.png\" alt=\"\" class=\"img-responsive\"\/><\/span><div class=\"fusion-clearfix\"><\/div><\/div><\/div><\/div><span class=\"fusion-column-inner-bg hover-type-none\"><a href=\"https:\/\/hcbconsultoria.com.br\/site\/cursos-iso\"><span class=\"fusion-column-inner-bg-image\" style=\"background-color:#272958;\"><\/span><\/a><\/span><\/div><div class=\"fusion-clearfix\"><\/div><\/div><\/div>\n\n\n<div class=\"fusion-fullwidth fullwidth-box fusion-fullwidth-2  fusion-parallax-none nonhundred-percent-fullwidth\" style=\"border-color:#eae9e9;border-bottom-width: 0px;border-top-width: 0px;border-bottom-style: solid;border-top-style: solid;padding-bottom:50px;padding-top:100px;padding-left:0px;padding-right:0px;background-color:#ffffff;\"><style type=\"text\/css\" scoped=\"scoped\">.fusion-fullwidth-2 {\n                            padding-left: 0px !important;\n                            padding-right: 0px !important;\n                        }<\/style><div class=\"fusion-row\"><h2 style=\"text-align: center;\">Servi\u00e7os<\/h2>\n<div class=\"fusion-sep-clear\"><\/div><div class=\"fusion-separator fusion-full-width-sep sep-none\" style=\"border-color:#eaeaea;margin-left: auto;margin-right: auto;margin-top:60px;\"><\/div><div class=\"fusion-one-half fusion-layout-column fusion-spacing-yes\" style=\"margin-top:0px;margin-bottom:0px;\"><div class=\"fusion-column-wrapper\"><div class=\"fusion-column-table\"><div class=\"fusion-column-tablecell\"><a class=\"solucao\" href=\"https:\/\/hcbconsultoria.com.br\/site\/servicos\/#consultoria\" style=\"display:block; float:left\">\r\n<div class=\"heading heading-with-icon icon-left float-left\"><img loading=\"lazy\" decoding=\"async\" src=\"https:\/\/hcbconsultoria.com.br\/site\/wp-content\/uploads\/consultoria-1.png\" alt=\"\" width=\"70\" height=\"52\" \/><\/div>\r\n<h4 class=\"title-left mb75\">Consultoria<\/h4>\r\n<img loading=\"lazy\" decoding=\"async\" src=\"https:\/\/hcbconsultoria.com.br\/site\/wp-content\/uploads\/saiba-mais.png\" alt=\"\" width=\"152\" height=\"22\" class=\"m-left\">\r\n<\/a><div class=\"fusion-sep-clear\"><\/div><div class=\"fusion-separator fusion-full-width-sep sep-none\" style=\"border-color:#eaeaea;margin-left: auto;margin-right: auto;margin-top:30px;\"><\/div><div class=\"fusion-clearfix\"><\/div><\/div><\/div><\/div><\/div><div class=\"fusion-one-half fusion-layout-column fusion-column-last fusion-spacing-yes\" style=\"margin-top:0px;margin-bottom:0px;\"><div class=\"fusion-column-wrapper\"><div class=\"fusion-column-table\"><div class=\"fusion-column-tablecell\"><a class=\"solucao\" href=\"https:\/\/hcbconsultoria.com.br\/site\/servicos\/#seguranca\" style=\"display:block; float:left\">\r\n<div class=\"heading heading-with-icon icon-left float-left\"><img loading=\"lazy\" decoding=\"async\" src=\"https:\/\/hcbconsultoria.com.br\/site\/wp-content\/uploads\/gestao-de-seguranca.png\" alt=\"\" width=\"62\" height=\"71\" \/><\/div>\r\n<h4 class=\"title-left mb15\">Servi\u00e7os de Apoio \u00e0 Gest\u00e3o de Seguran\u00e7a e Sa\u00fade Ocupacional e Meio Ambiente<\/h4>\r\n<img loading=\"lazy\" decoding=\"async\" src=\"https:\/\/hcbconsultoria.com.br\/site\/wp-content\/uploads\/saiba-mais.png\" alt=\"\" width=\"152\" height=\"22\" class=\"m-left\">\r\n<\/a><div class=\"fusion-sep-clear\"><\/div><div class=\"fusion-separator fusion-full-width-sep sep-none\" style=\"border-color:#eaeaea;margin-left: auto;margin-right: auto;margin-top:30px;\"><\/div><div class=\"fusion-clearfix\"><\/div><\/div><\/div><\/div><\/div><div class=\"fusion-clearfix\"><\/div><div class=\"fusion-one-half fusion-layout-column fusion-spacing-yes\" style=\"margin-top:0px;margin-bottom:0px;\"><div class=\"fusion-column-wrapper\"><div class=\"fusion-column-table\"><div class=\"fusion-column-tablecell\"><a class=\"solucao\" href=\"https:\/\/hcbconsultoria.com.br\/site\/servicos\/#processos\" style=\"display:block; float:left\">\r\n<div class=\"heading heading-with-icon icon-left float-left\"><img loading=\"lazy\" decoding=\"async\" src=\"https:\/\/hcbconsultoria.com.br\/site\/wp-content\/uploads\/gestao-de-projetos.png\" alt=\"\" width=\"70\" height=\"70\" \/><\/div>\r\n<h4 class=\"title-left mb43\">Gest\u00e3o de Processos - BPM (Business Process Management)<\/h4>\r\n<img loading=\"lazy\" decoding=\"async\" src=\"https:\/\/hcbconsultoria.com.br\/site\/wp-content\/uploads\/saiba-mais.png\" alt=\"\" width=\"152\" height=\"22\" class=\"m-left\">\r\n<\/a><div class=\"fusion-sep-clear\"><\/div><div class=\"fusion-separator fusion-full-width-sep sep-none\" style=\"border-color:#eaeaea;margin-left: auto;margin-right: auto;margin-top:30px;\"><\/div><div class=\"fusion-clearfix\"><\/div><\/div><\/div><\/div><\/div><div class=\"fusion-one-half fusion-layout-column fusion-column-last fusion-spacing-yes\" style=\"margin-top:0px;margin-bottom:0px;\"><div class=\"fusion-column-wrapper\"><div class=\"fusion-column-table\"><div class=\"fusion-column-tablecell\"><a class=\"solucao\" href=\"https:\/\/hcbconsultoria.com.br\/site\/servicos\/#auditorias\" style=\"display:block; float:left\">\r\n<div class=\"heading heading-with-icon icon-left float-left\"><img loading=\"lazy\" decoding=\"async\" src=\"https:\/\/hcbconsultoria.com.br\/site\/wp-content\/uploads\/auditoria.png\" alt=\"\" width=\"62\" height=\"70\" \/><\/div>\r\n<h4 class=\"title-left mb15\">Auditorias, Inspe\u00e7\u00f5es e Avalia\u00e7\u00f5es da Gest\u00e3o da Qualidade, Meio Ambiente, Seguran\u00e7a e Sa\u00fade Ocupacional<\/h4>\r\n<img loading=\"lazy\" decoding=\"async\" src=\"https:\/\/hcbconsultoria.com.br\/site\/wp-content\/uploads\/saiba-mais.png\" alt=\"\" width=\"152\" height=\"22\"  class=\"m-left\">\r\n<\/a><div class=\"fusion-sep-clear\"><\/div><div class=\"fusion-separator fusion-full-width-sep sep-none\" style=\"border-color:#eaeaea;margin-left: auto;margin-right: auto;margin-top:30px;\"><\/div><div class=\"fusion-clearfix\"><\/div><\/div><\/div><\/div><\/div><div class=\"fusion-clearfix\"><\/div><div class=\"fusion-one-half fusion-layout-column fusion-column-last fusion-spacing-yes\" style=\"margin-top:0px;margin-bottom:0px;\"><div class=\"fusion-column-wrapper\"><div class=\"fusion-column-table\"><div class=\"fusion-column-tablecell\"><a class=\"solucao\" href=\"https:\/\/hcbconsultoria.com.br\/site\/servicos\/#tercerizacao\" style=\"display:block; float:left\">\r\n<div class=\"heading heading-with-icon icon-left float-left\"><img loading=\"lazy\" decoding=\"async\" src=\"https:\/\/hcbconsultoria.com.br\/site\/wp-content\/uploads\/tercerizacao.png\" alt=\"\" width=\"70\" height=\"70\" \/><\/div>\r\n<h4 class=\"title-left mb15\">Servi\u00e7os de Terceiriza\u00e7\u00e3o dos Processos de Neg\u00f3cios (BPO \u2013 Business Process Outsourcing)<\/h4>\r\n<img loading=\"lazy\" decoding=\"async\" src=\"https:\/\/hcbconsultoria.com.br\/site\/wp-content\/uploads\/saiba-mais.png\" alt=\"\" width=\"152\" height=\"22\" class=\"m-left\">\r\n<\/a><div class=\"fusion-sep-clear\"><\/div><div class=\"fusion-separator fusion-full-width-sep sep-none\" style=\"border-color:#eaeaea;margin-left: auto;margin-right: auto;margin-top:30px;\"><\/div><div class=\"fusion-clearfix\"><\/div><\/div><\/div><\/div><\/div><div class=\"fusion-clearfix\"><\/div><\/div><\/div>\n\n\n<div class=\"fusion-fullwidth fullwidth-box fusion-fullwidth-3  fusion-parallax-none nonhundred-percent-fullwidth fusion-equal-height-columns\" style=\"border-color:#eae9e9;border-bottom-width: 0px;border-top-width: 0px;border-bottom-style: solid;border-top-style: solid;padding-bottom:50px;padding-top:80px;padding-left:;padding-right:;background-color:#f5f5fa;\"><style type=\"text\/css\" scoped=\"scoped\">.fusion-fullwidth-3 {\n                            padding-left: px !important;\n                            padding-right: px !important;\n                        }<\/style><div class=\"fusion-row\"><h2 style=\"text-align: center;\">Not\u00edcias Relevantes<\/h2>\n<div class=\"fusion-sep-clear\"><\/div><div class=\"fusion-separator fusion-full-width-sep sep-none\" style=\"border-color:#eaeaea;margin-left: auto;margin-right: auto;margin-top:60px;\"><\/div><div class=\"fusion-blog-shortcode fusion-blog-shortcode-1 fusion-blog-archive fusion-blog-layout-grid-wrapper fusion-blog-pagination\"><style type=\"text\/css\">.fusion-blog-shortcode-1 .fusion-blog-layout-grid .fusion-post-grid{padding:20px;}.fusion-blog-shortcode-1 .fusion-posts-container{margin-left: -20px !important; margin-right:-20px !important;}<\/style><div class=\"fusion-posts-container fusion-posts-container-pagination fusion-blog-layout-grid fusion-blog-layout-grid-3 isotope\" data-pages=\"5\" data-grid-col-space=\"40\" style=\"margin: -20px -20px 0;\"><div id=\"post-95\" class=\"fusion-post-grid post-95 post type-post status-publish format-standard has-post-thumbnail hentry category-sem-categoria\">\n<div class=\"fusion-post-wrapper\">\t\t\t\n\t\t\t\n\t\t\t\n\t\t\t\n\t\t\t\t\t\t<div class=\"fusion-flexslider flexslider fusion-flexslider-loading fusion-post-slideshow\">\n\t\t\t\t<ul class=\"slides\">\n\t\t\t\t\t\t\t\t\t\t\t\t\t\t\t\t\t\t\t\t\t\t\t\t\t<li>\n\t\t\t\t\t\t<div class=\"fusion-image-wrapper\" aria-haspopup=\"true\"><img loading=\"lazy\" decoding=\"async\" width=\"744\" height=\"260\" src=\"https:\/\/hcbconsultoria.com.br\/site\/wp-content\/uploads\/certificacao.jpg\" class=\"attachment-full size-full wp-post-image\" alt=\"\" srcset=\"https:\/\/hcbconsultoria.com.br\/site\/wp-content\/uploads\/certificacao.jpg 744w, https:\/\/hcbconsultoria.com.br\/site\/wp-content\/uploads\/certificacao-300x105.jpg 300w\" sizes=\"auto, (max-width: 744px) 100vw, 744px\" \/>\t\t<div class=\"fusion-rollover\">\n\t\t\t<div class=\"fusion-rollover-content\">\n\n\t\t\t\t\n\t\t\t\t\t\t\t\t\t\t\t<a class=\"fusion-rollover-link\" href=\"https:\/\/hcbconsultoria.com.br\/site\/certificacao-multisite\/\">Permalink<\/a>\n\t\t\t\t\t\n\t\t\t\t\t\t\t\t\t\n\t\t\t\t\t\t\t\t\t<h4 class=\"fusion-rollover-title\"><a href=\"https:\/\/hcbconsultoria.com.br\/site\/certificacao-multisite\/\">Certifica\u00e7\u00e3o Multisite<\/a><\/h4>\n\t\t\t\t\n\t\t\t\t\n\t\t\t\t\n\t\t\t\t\n\t\t\t\t\n\t\t\t\t\t\t\t<\/div>\n\t\t<\/div>\n\t\t<\/div>\t\t\t\t\t<\/li>\n\t\t\t\t\t\t\t\t\t\t\t\t\t\t<\/ul>\n\t\t\t<\/div>\n\t\t\t<div class=\"fusion-post-content-wrapper\"><div class=\"fusion-post-content post-content\"><h2 class=\"entry-title\"><a href=\"https:\/\/hcbconsultoria.com.br\/site\/certificacao-multisite\/\">Certifica\u00e7\u00e3o Multisite<\/a><\/h2><div class=\"fusion-post-content-container\"><p>Uma organiza\u00e7\u00e3o multisite \u00e9 definida como uma organiza\u00e7\u00e3o que tenha uma fun\u00e7\u00e3o central identificada (designada como escrit\u00f3rio central ou sede),<\/p><\/div><\/div><\/div><div class=\"fusion-clearfix\"><\/div><\/div>\n<\/div>\n<div id=\"post-91\" class=\"fusion-post-grid post-91 post type-post status-publish format-standard has-post-thumbnail hentry category-sem-categoria\">\n<div class=\"fusion-post-wrapper\">\t\t\t\n\t\t\t\n\t\t\t\n\t\t\t\n\t\t\t\t\t\t<div class=\"fusion-flexslider flexslider fusion-flexslider-loading fusion-post-slideshow\">\n\t\t\t\t<ul class=\"slides\">\n\t\t\t\t\t\t\t\t\t\t\t\t\t\t\t\t\t\t\t\t\t\t\t\t\t<li>\n\t\t\t\t\t\t<div class=\"fusion-image-wrapper\" aria-haspopup=\"true\"><img loading=\"lazy\" decoding=\"async\" width=\"744\" height=\"260\" src=\"https:\/\/hcbconsultoria.com.br\/site\/wp-content\/uploads\/consultoria-de-empresas.jpg\" class=\"attachment-full size-full wp-post-image\" alt=\"\" srcset=\"https:\/\/hcbconsultoria.com.br\/site\/wp-content\/uploads\/consultoria-de-empresas.jpg 744w, https:\/\/hcbconsultoria.com.br\/site\/wp-content\/uploads\/consultoria-de-empresas-300x105.jpg 300w\" sizes=\"auto, (max-width: 744px) 100vw, 744px\" \/>\t\t<div class=\"fusion-rollover\">\n\t\t\t<div class=\"fusion-rollover-content\">\n\n\t\t\t\t\n\t\t\t\t\t\t\t\t\t\t\t<a class=\"fusion-rollover-link\" href=\"https:\/\/hcbconsultoria.com.br\/site\/consultoria-para-empresas-de-pequeno-porte\/\">Permalink<\/a>\n\t\t\t\t\t\n\t\t\t\t\t\t\t\t\t\n\t\t\t\t\t\t\t\t\t<h4 class=\"fusion-rollover-title\"><a href=\"https:\/\/hcbconsultoria.com.br\/site\/consultoria-para-empresas-de-pequeno-porte\/\">Consultoria para empresas de pequeno porte<\/a><\/h4>\n\t\t\t\t\n\t\t\t\t\n\t\t\t\t\n\t\t\t\t\n\t\t\t\t\n\t\t\t\t\t\t\t<\/div>\n\t\t<\/div>\n\t\t<\/div>\t\t\t\t\t<\/li>\n\t\t\t\t\t\t\t\t\t\t\t\t\t\t<\/ul>\n\t\t\t<\/div>\n\t\t\t<div class=\"fusion-post-content-wrapper\"><div class=\"fusion-post-content post-content\"><h2 class=\"entry-title\"><a href=\"https:\/\/hcbconsultoria.com.br\/site\/consultoria-para-empresas-de-pequeno-porte\/\">Consultoria para empresas de pequeno porte<\/a><\/h2><div class=\"fusion-post-content-container\"><p>A HCB Consultoria possui vasta experi\u00eancia na implanta\u00e7\u00e3o de Sistemas de Gest\u00e3o Integrada (ISO 9001, ISO 14001 e OHSAS 18001)<\/p><\/div><\/div><\/div><div class=\"fusion-clearfix\"><\/div><\/div>\n<\/div>\n<div id=\"post-82\" class=\"fusion-post-grid post-82 post type-post status-publish format-standard has-post-thumbnail hentry category-sem-categoria\">\n<div class=\"fusion-post-wrapper\">\t\t\t\n\t\t\t\n\t\t\t\n\t\t\t\n\t\t\t\t\t\t<div class=\"fusion-flexslider flexslider fusion-flexslider-loading fusion-post-slideshow\">\n\t\t\t\t<ul class=\"slides\">\n\t\t\t\t\t\t\t\t\t\t\t\t\t\t\t\t\t\t\t\t\t\t\t\t\t<li>\n\t\t\t\t\t\t<div class=\"fusion-image-wrapper\" aria-haspopup=\"true\"><img loading=\"lazy\" decoding=\"async\" width=\"744\" height=\"260\" src=\"https:\/\/hcbconsultoria.com.br\/site\/wp-content\/uploads\/iso-9001-2015.jpg\" class=\"attachment-full size-full wp-post-image\" alt=\"\" srcset=\"https:\/\/hcbconsultoria.com.br\/site\/wp-content\/uploads\/iso-9001-2015.jpg 744w, https:\/\/hcbconsultoria.com.br\/site\/wp-content\/uploads\/iso-9001-2015-300x105.jpg 300w\" sizes=\"auto, (max-width: 744px) 100vw, 744px\" \/>\t\t<div class=\"fusion-rollover\">\n\t\t\t<div class=\"fusion-rollover-content\">\n\n\t\t\t\t\n\t\t\t\t\t\t\t\t\t\t\t<a class=\"fusion-rollover-link\" href=\"https:\/\/hcbconsultoria.com.br\/site\/nova-iso-90012015\/\">Permalink<\/a>\n\t\t\t\t\t\n\t\t\t\t\t\t\t\t\t\n\t\t\t\t\t\t\t\t\t<h4 class=\"fusion-rollover-title\"><a href=\"https:\/\/hcbconsultoria.com.br\/site\/nova-iso-90012015\/\">Nova ISO 9001:2015<\/a><\/h4>\n\t\t\t\t\n\t\t\t\t\n\t\t\t\t\n\t\t\t\t\n\t\t\t\t\n\t\t\t\t\t\t\t<\/div>\n\t\t<\/div>\n\t\t<\/div>\t\t\t\t\t<\/li>\n\t\t\t\t\t\t\t\t\t\t\t\t\t\t<\/ul>\n\t\t\t<\/div>\n\t\t\t<div class=\"fusion-post-content-wrapper\"><div class=\"fusion-post-content post-content\"><h2 class=\"entry-title\"><a href=\"https:\/\/hcbconsultoria.com.br\/site\/nova-iso-90012015\/\">Nova ISO 9001:2015<\/a><\/h2><div class=\"fusion-post-content-container\"><p>A nova vers\u00e3o traz uma revis\u00e3o completa da sua estrutura e incorpora novos conceitos, tais como as avalia\u00e7\u00f5es de riscos<\/p><\/div><\/div><\/div><div class=\"fusion-clearfix\"><\/div><\/div>\n<\/div>\n<div class=\"fusion-clearfix\"><\/div><\/div><\/div><\/div><\/div>\n\n\n<div class=\"fusion-fullwidth fullwidth-box fusion-fullwidth-4  fusion-parallax-none nonhundred-percent-fullwidth fusion-equal-height-columns\" style=\"border-color:#eae9e9;border-bottom-width: 0px;border-top-width: 0px;border-bottom-style: solid;border-top-style: solid;padding-bottom:50px;padding-top:80px;padding-left:;padding-right:;background-color:#ffffff;\"><style type=\"text\/css\" scoped=\"scoped\">.fusion-fullwidth-4 {\n                            padding-left: px !important;\n                            padding-right: px !important;\n                        }<\/style><div class=\"fusion-row\"><h2 style=\"text-align: center;\">Principais Clientes<\/h2>\n<div class=\"fusion-sep-clear\"><\/div><div class=\"fusion-separator fusion-full-width-sep sep-none\" style=\"border-color:#eaeaea;margin-left: auto;margin-right: auto;margin-top:20px;\"><\/div><div class=\"fusion-one-fifth fusion-layout-column fusion-spacing-yes\" style=\"margin-top:0px;margin-bottom:0px;\"><div class=\"fusion-column-wrapper\"><div class=\"fusion-column-table\"><div class=\"fusion-column-tablecell\"><div class=\"fusion-clearfix\"><\/div><\/div><\/div><\/div><\/div><div class=\"fusion-one-fifth fusion-layout-column fusion-spacing-yes\" style=\"margin-top:0px;margin-bottom:0px;\"><div class=\"fusion-column-wrapper\"><div class=\"fusion-column-table\"><div class=\"fusion-column-tablecell\"><div class=\"imageframe-align-center\"><span class=\"fusion-imageframe imageframe-none imageframe-7 hover-type-none none\"> <img decoding=\"async\" src=\"https:\/\/hcbconsultoria.com.br\/site\/wp-content\/uploads\/petrobras-1.png\" alt=\"\" class=\"img-responsive\"\/><\/span><\/div><div class=\"fusion-clearfix\"><\/div><\/div><\/div><\/div><\/div><div class=\"fusion-one-fifth fusion-layout-column fusion-spacing-yes\" style=\"margin-top:0px;margin-bottom:0px;\"><div class=\"fusion-column-wrapper\"><div class=\"fusion-column-table\"><div class=\"fusion-column-tablecell\"><div class=\"imageframe-align-center\"><span class=\"fusion-imageframe imageframe-none imageframe-8 hover-type-none none\"> <img decoding=\"async\" src=\"https:\/\/hcbconsultoria.com.br\/site\/wp-content\/uploads\/transpetro.jpg\" alt=\"\" class=\"img-responsive\"\/><\/span><\/div><div class=\"fusion-clearfix\"><\/div><\/div><\/div><\/div><\/div><div class=\"fusion-one-fifth fusion-layout-column fusion-column-last fusion-spacing-yes\" style=\"margin-top:0px;margin-bottom:0px;\"><div class=\"fusion-column-wrapper\"><div class=\"fusion-column-table\"><div class=\"fusion-column-tablecell\"><div class=\"imageframe-align-center\"><span class=\"fusion-imageframe imageframe-none imageframe-9 hover-type-none none\"> <\/span><\/div><div class=\"fusion-clearfix\"><\/div><\/div><\/div><\/div><\/div><div class=\"fusion-clearfix\"><\/div><\/div><\/div>\n","protected":false},"excerpt":{"rendered":"","protected":false},"author":1,"featured_media":0,"parent":0,"menu_order":0,"comment_status":"closed","ping_status":"open","template":"100-width.php","meta":{"footnotes":""},"class_list":["post-2","page","type-page","status-publish","hentry"],"_links":{"self":[{"href":"https:\/\/hcbconsultoria.com.br\/site\/wp-json\/wp\/v2\/pages\/2","targetHints":{"allow":["GET"]}}],"collection":[{"href":"https:\/\/hcbconsultoria.com.br\/site\/wp-json\/wp\/v2\/pages"}],"about":[{"href":"https:\/\/hcbconsultoria.com.br\/site\/wp-json\/wp\/v2\/types\/page"}],"author":[{"embeddable":true,"href":"https:\/\/hcbconsultoria.com.br\/site\/wp-json\/wp\/v2\/users\/1"}],"replies":[{"embeddable":true,"href":"https:\/\/hcbconsultoria.com.br\/site\/wp-json\/wp\/v2\/comments?post=2"}],"version-history":[{"count":70,"href":"https:\/\/hcbconsultoria.com.br\/site\/wp-json\/wp\/v2\/pages\/2\/revisions"}],"predecessor-version":[{"id":338,"href":"https:\/\/hcbconsultoria.com.br\/site\/wp-json\/wp\/v2\/pages\/2\/revisions\/338"}],"wp:attachment":[{"href":"https:\/\/hcbconsultoria.com.br\/site\/wp-json\/wp\/v2\/media?parent=2"}],"curies":[{"name":"wp","href":"https:\/\/api.w.org\/{rel}","templated":true}]}}