{"id":215,"date":"2019-06-26T12:08:09","date_gmt":"2019-06-26T15:08:09","guid":{"rendered":"https:\/\/hcbconsultoria.com.br\/site\/?page_id=215"},"modified":"2020-05-29T17:02:43","modified_gmt":"2020-05-29T20:02:43","slug":"treinamentos","status":"publish","type":"page","link":"https:\/\/hcbconsultoria.com.br\/site\/treinamentos\/","title":{"rendered":"Treinamentos"},"content":{"rendered":"<div class=\"fusion-fullwidth fullwidth-box fusion-fullwidth-1  fusion-parallax-none nonhundred-percent-fullwidth\" style=\"border-color:#eae9e9;border-bottom-width: 0px;border-top-width: 0px;border-bottom-style: solid;border-top-style: solid;padding-bottom:0px;padding-top:0px;padding-left:;padding-right:;background-color:#f6f6f6;\"><style type=\"text\/css\" scoped=\"scoped\">.fusion-fullwidth-1 {\n                            padding-left: px !important;\n                            padding-right: px !important;\n                        }<\/style><div class=\"fusion-row\"><div class=\"fusion-one-full fusion-layout-column fusion-column-last fusion-spacing-yes services-intern\" style=\"margin-top:15px;margin-bottom:15px;\"><div class=\"fusion-column-wrapper\"><p>Acreditamos acima de tudo nas pessoas, na sua capacidade de aprender e realizar. Desta forma, oferecemos uma s\u00e9rie de cursos, treinamentos e palestras sobre gest\u00e3o da qualidade, seguran\u00e7a, meio ambiente e sa\u00fade que propiciam \u00e0s organiza\u00e7\u00f5es o desenvolvimento dos seus recursos humanos.<\/p>\n<p>Nos \u00faltimos anos, a HCB Consultoria tem atuado em projetos de longo prazo em grandes Clientes e dentre as atividades realizadas est\u00e1 a capacita\u00e7\u00e3o da for\u00e7a de trabalho destes nos mais diversos cursos e treinamentos associados \u00e0 gest\u00e3o integrada de QSMS.<\/p>\n<p>Neste per\u00edodo, por exemplo, foram treinadas mais de 1.000 pessoas dentro do Sistema Petrobras, em cursos como:<\/p>\n<ol>\n<li>Interpreta\u00e7\u00e3o e Implementa\u00e7\u00e3o das normas ISO 9001, ISO 14001 e ISO 45001\/OHSAS 18001;<\/li>\n<li>Mapeamento de Processos;<\/li>\n<li>Identifica\u00e7\u00e3o, Investiga\u00e7\u00e3o e Tratamento de N\u00e3o Conformidades, Incidentes e Acidentes;<\/li>\n<li>Conscientiza\u00e7\u00e3o de L\u00edderes para a gest\u00e3o de QSMS;<\/li>\n<li>Gest\u00e3o de SMS para Gerentes e Fiscais de Contratos;<\/li>\n<li>Gest\u00e3o de SMS para Fornecedores;<\/li>\n<li>Identifica\u00e7\u00e3o de Perigos e Avalia\u00e7\u00e3o de Riscos;<\/li>\n<li>Identifica\u00e7\u00e3o e Avalia\u00e7\u00e3o de Aspectos e Impactos Ambientais.<\/li>\n<\/ol>\n<p>Tamb\u00e9m planejamos e realizamos campanhas de capacita\u00e7\u00e3o de l\u00edderes, empregados e fornecedores em gest\u00e3o de QSMS, customizadas para as necessidades e aspira\u00e7\u00f5es do Cliente.<\/p>\n<p>Temos como diferencial a realiza\u00e7\u00e3o de cursos e treinamentos adotando casos e exemplos da pr\u00f3pria empresa Contratante, permitindo maior gera\u00e7\u00e3o de aprendizado para os participantes do que os habituais cursos de prateleira, em que os casos e exemplos s\u00e3o gen\u00e9ricos e aplicados em qualquer tipo de empresa.<\/p>\n<div class=\"fusion-clearfix\"><\/div><\/div><\/div><div class=\"fusion-clearfix\"><\/div><\/div><\/div>\n","protected":false},"excerpt":{"rendered":"","protected":false},"author":1,"featured_media":0,"parent":0,"menu_order":0,"comment_status":"closed","ping_status":"closed","template":"","meta":{"footnotes":""},"class_list":["post-215","page","type-page","status-publish","hentry"],"_links":{"self":[{"href":"https:\/\/hcbconsultoria.com.br\/site\/wp-json\/wp\/v2\/pages\/215","targetHints":{"allow":["GET"]}}],"collection":[{"href":"https:\/\/hcbconsultoria.com.br\/site\/wp-json\/wp\/v2\/pages"}],"about":[{"href":"https:\/\/hcbconsultoria.com.br\/site\/wp-json\/wp\/v2\/types\/page"}],"author":[{"embeddable":true,"href":"https:\/\/hcbconsultoria.com.br\/site\/wp-json\/wp\/v2\/users\/1"}],"replies":[{"embeddable":true,"href":"https:\/\/hcbconsultoria.com.br\/site\/wp-json\/wp\/v2\/comments?post=215"}],"version-history":[{"count":5,"href":"https:\/\/hcbconsultoria.com.br\/site\/wp-json\/wp\/v2\/pages\/215\/revisions"}],"predecessor-version":[{"id":270,"href":"https:\/\/hcbconsultoria.com.br\/site\/wp-json\/wp\/v2\/pages\/215\/revisions\/270"}],"wp:attachment":[{"href":"https:\/\/hcbconsultoria.com.br\/site\/wp-json\/wp\/v2\/media?parent=215"}],"curies":[{"name":"wp","href":"https:\/\/api.w.org\/{rel}","templated":true}]}}