{"id":219,"date":"2019-06-26T12:12:11","date_gmt":"2019-06-26T15:12:11","guid":{"rendered":"https:\/\/hcbconsultoria.com.br\/site\/?page_id=219"},"modified":"2020-05-29T16:56:57","modified_gmt":"2020-05-29T19:56:57","slug":"a-empresa","status":"publish","type":"page","link":"https:\/\/hcbconsultoria.com.br\/site\/a-empresa\/","title":{"rendered":"A empresa"},"content":{"rendered":"<div class=\"fusion-fullwidth fullwidth-box fusion-fullwidth-1  fusion-parallax-none nonhundred-percent-fullwidth\" style=\"border-color:#eae9e9;border-bottom-width: 0px;border-top-width: 0px;border-bottom-style: solid;border-top-style: solid;padding-bottom:0px;padding-top:0px;padding-left:;padding-right:;background-color:#f6f6f6;\"><style type=\"text\/css\" scoped=\"scoped\">.fusion-fullwidth-1 {\n                            padding-left: px !important;\n                            padding-right: px !important;\n                        }<\/style><div class=\"fusion-row\"><div class=\"fusion-one-full fusion-layout-column fusion-column-last fusion-spacing-yes services-intern\" style=\"margin-top:15px;margin-bottom:15px;\"><div class=\"fusion-column-wrapper\"><p>Fundada em 2004, a HCB Consultoria Empresarial Ltda. \u00e9 uma empresa especializada na presta\u00e7\u00e3o de servi\u00e7os na \u00e1rea de gest\u00e3o integrada da Qualidade (ISO 9001), Meio Ambiente (ISO 14001), Seguran\u00e7a e Sa\u00fade Ocupacional (ISO 45001\/OHSAS 18001), atendendo a clientes de grande, m\u00e9dio e pequeno porte desde o in\u00edcio de suas atividades.<\/p>\n<p>Atualmente, as empresas s\u00e3o cada vez mais pressionadas pela sociedade e \u00f3rg\u00e3os reguladores a cumprirem requisitos da qualidade, meio ambiente, sa\u00fade e seguran\u00e7a ocupacional e a adotar posturas respons\u00e1veis em rela\u00e7\u00e3o aos clientes, pessoas e ao meio ambiente. Diante desta realidade, se faz necess\u00e1rio estruturar a gest\u00e3o de forma a atender estes anseios e ao mesmo tempo atingir os resultados empresariais e ganhos de produtividade desejados.<\/p>\n<p>Desta forma, oferecemos um conjunto de servi\u00e7os e solu\u00e7\u00f5es customizadas de consultoria, apoio \u00e0 gest\u00e3o, avalia\u00e7\u00e3o de conformidade e treinamento, buscando sempre agregar valor aos processos de seus Clientes e ajud\u00e1-los a atingir a melhoria cont\u00ednua dos seus resultados.<\/p>\n<p>Nosso diferencial \u00e9 a busca de solu\u00e7\u00f5es \u00fanicas para cada Cliente, de acordo com suas especificidades, for\u00e7as e limita\u00e7\u00f5es, de forma que a gest\u00e3o integrada seja, acima de tudo, eficiente.<\/p>\n<p>Contando com profissionais altamente capacitados, nossos m\u00e9todos se caracterizam pela participa\u00e7\u00e3o efetiva na constru\u00e7\u00e3o da solu\u00e7\u00e3o, primando pela postura de colocar a \u201cm\u00e3o na massa\u201d, ou seja, a depender das necessidades do Cliente, estamos aptos a assumir a condu\u00e7\u00e3o de todas as etapas de implanta\u00e7\u00e3o, manuten\u00e7\u00e3o ou melhoria do sistema de gest\u00e3o.<\/p>\n<p>Temos a cultura de n\u00e3o nos limitarmos a apenas sugerir a\u00e7\u00f5es ou fazer propostas; mas buscamos sim, assumir tarefas que facilitem e permitam ao Cliente implantar ou melhorar sua gest\u00e3o, sem impactar fortemente o dia-a-dia das suas opera\u00e7\u00f5es; integrando, naturalmente, as pr\u00e1ticas de gest\u00e3o desenvolvidas \u00e0s suas rotinas.<\/p>\n<h4>Nossos Princ\u00edpios:<\/h4>\n<ol>\n<li>Ser, acima de tudo, verdadeiro no relacionamento com os clientes e parceiros. A credibilidade \u00e9 o nosso maior bem;<\/li>\n<li>Envidar todos os esfor\u00e7os para compreender profundamente as necessidades do Cliente e sua cultura organizacional. Conhecer nossos Clientes nos permite superar suas expectativas;<\/li>\n<li>Sentir-se parte da equipe do Cliente durante a presta\u00e7\u00e3o dos servi\u00e7os. O sucesso do Cliente \u00e9 o nosso sucesso;<\/li>\n<li>Assumir a responsabilidade de fazer efetivamente o projeto acontecer. Independente da eventual dificuldade que encontremos, devemos buscar caminhos que nos levem a entregar os servi\u00e7os contratados com a qualidade esperada;<\/li>\n<li>Fazer sempre o melhor trabalho que podemos fazer. Os servi\u00e7os que realizamos s\u00e3o passageiros para n\u00f3s, mas devem impactar positivamente as pr\u00e1ticas de gest\u00e3o do Cliente de forma duradoura.<\/li>\n<\/ol>\n<div class=\"fusion-clearfix\"><\/div><\/div><\/div><div class=\"fusion-clearfix\"><\/div><\/div><\/div>\n","protected":false},"excerpt":{"rendered":"","protected":false},"author":1,"featured_media":0,"parent":0,"menu_order":0,"comment_status":"closed","ping_status":"closed","template":"","meta":{"footnotes":""},"class_list":["post-219","page","type-page","status-publish","hentry"],"_links":{"self":[{"href":"https:\/\/hcbconsultoria.com.br\/site\/wp-json\/wp\/v2\/pages\/219","targetHints":{"allow":["GET"]}}],"collection":[{"href":"https:\/\/hcbconsultoria.com.br\/site\/wp-json\/wp\/v2\/pages"}],"about":[{"href":"https:\/\/hcbconsultoria.com.br\/site\/wp-json\/wp\/v2\/types\/page"}],"author":[{"embeddable":true,"href":"https:\/\/hcbconsultoria.com.br\/site\/wp-json\/wp\/v2\/users\/1"}],"replies":[{"embeddable":true,"href":"https:\/\/hcbconsultoria.com.br\/site\/wp-json\/wp\/v2\/comments?post=219"}],"version-history":[{"count":3,"href":"https:\/\/hcbconsultoria.com.br\/site\/wp-json\/wp\/v2\/pages\/219\/revisions"}],"predecessor-version":[{"id":268,"href":"https:\/\/hcbconsultoria.com.br\/site\/wp-json\/wp\/v2\/pages\/219\/revisions\/268"}],"wp:attachment":[{"href":"https:\/\/hcbconsultoria.com.br\/site\/wp-json\/wp\/v2\/media?parent=219"}],"curies":[{"name":"wp","href":"https:\/\/api.w.org\/{rel}","templated":true}]}}