{"id":3,"date":"2019-06-24T11:43:25","date_gmt":"2019-06-24T14:43:25","guid":{"rendered":"https:\/\/hcbconsultoria.com.br\/site\/?page_id=3"},"modified":"2025-05-07T16:10:53","modified_gmt":"2025-05-07T19:10:53","slug":"treinamentos-in-company","status":"publish","type":"page","link":"https:\/\/hcbconsultoria.com.br\/site\/treinamentos-in-company\/","title":{"rendered":"Consultoria em ESG e Sustentabilidade"},"content":{"rendered":"<div class=\"fusion-fullwidth fullwidth-box fusion-fullwidth-1  fusion-parallax-none nonhundred-percent-fullwidth\" style=\"border-color:#eae9e9;border-bottom-width: 0px;border-top-width: 0px;border-bottom-style: solid;border-top-style: solid;padding-bottom:0px;padding-top:0px;padding-left:;padding-right:;background-color:#f6f6f6;\" id=\"tercerizacao\"><style type=\"text\/css\" scoped=\"scoped\">.fusion-fullwidth-1 {\n                            padding-left: px !important;\n                            padding-right: px !important;\n                        }<\/style><div class=\"fusion-row\"><div class=\"fusion-one-full fusion-layout-column fusion-column-last fusion-spacing-yes services-intern\" style=\"margin-top:15px;margin-bottom:0px;\"><div class=\"fusion-column-wrapper\"><div class=\"imageframe-align-center\"><span class=\"fusion-imageframe imageframe-none imageframe-1 hover-type-none\"> <img decoding=\"async\" src=\"https:\/\/hcbconsultoria.com.br\/site\/wp-content\/uploads\/consultoria_empresarial-1.jpg\" alt=\"\" class=\"img-responsive\"\/><\/span><\/div><div class=\"fusion-sep-clear\"><\/div><div class=\"fusion-separator fusion-full-width-sep sep-none\" style=\"border-color:#eaeaea;margin-left: auto;margin-right: auto;margin-top:20px;margin-bottom:20px;\"><\/div><p>Diante da crescente demanda da sociedade por responsabilidade social, ambiental e de governan\u00e7a, as pr\u00e1ticas de sustentabilidade ESG (Environmental, Social and Governance) t\u00eam sido colocadas como fatores fundamentais nas decis\u00f5es estrat\u00e9gicas das empresas. Definitivamente, mais do que uma tend\u00eancia, as pr\u00e1ticas ESG s\u00e3o estruturais e redefinem como as empresas passam a gerar valor pelo relacionamento com seus stakeholders.<\/p>\n<p>Implantar a abordagem ESG de forma consistente exige mais do que vontade e boas inten\u00e7\u00f5es: requer diagn\u00f3stico preciso, alto n\u00edvel de compromisso da lideran\u00e7a, metas claras, alinhamento com os neg\u00f3cios e capacidade de execu\u00e7\u00e3o. Nesse contexto, o apoio de uma consultoria especializada pode ser decisivo para transformar compromissos em resultados mensur\u00e1veis e fidedignos.<\/p>\n<p>ESG e sustentabilidade s\u00e3o conceitos muito vastos, abrangendo \u00e1reas de gest\u00e3o de meio ambiente, efici\u00eancia energ\u00e9tica, sa\u00fade seguran\u00e7a ocupacional, continuidade de neg\u00f3cios, compliance, atendimento a normas e regulamentos,<\/p>\n<p><strong>Principais desafios na implanta\u00e7\u00e3o de pr\u00e1ticas ESG<\/strong><\/p>\n<p>Diante de tamanhos desafios, cabe \u00e0s empresas buscar formas de diferencia\u00e7\u00e3o de seus produtos e servi\u00e7os ou a otimiza\u00e7\u00e3o de seus processos internos, reestruturando as pr\u00e1ticas de gest\u00e3o de forma a criar uma cultura pautada pelo planejamento, desempenho e resultado.<\/p>\n<p>Apesar da crescente conscientiza\u00e7\u00e3o sobre a import\u00e2ncia do ESG, muitas organiza\u00e7\u00f5es ainda enfrentam barreiras significativas para implementar essas pr\u00e1ticas de forma estruturada. Os principais desafios incluem:<\/p>\n<ul>\n<li><strong>Diagn\u00f3stico e mapeamento:<\/strong> Identificar riscos e oportunidades ESG verdadeiramente relevantes para o neg\u00f3cio, considerando seu setor, cadeia de valor e maturidade organizacional. A avalia\u00e7\u00e3o desses riscos corporativos requer conhecimentos espec\u00edficos e t\u00e9cnicas internacionalmente reconhecidas.<\/li>\n<li><strong>Alinhamento estrat\u00e9gico:<\/strong> Integrar os princ\u00edpios ESG \u00e0 estrat\u00e9gia corporativa, garantindo que as iniciativas n\u00e3o fiquem restritas a a\u00e7\u00f5es isoladas ou setoriais.<\/li>\n<li><strong>Engajamento interno:<\/strong> Mobilizar lideran\u00e7as e equipes, promovendo uma cultura organizacional voltada para a sustentabilidade e a \u00e9tica.<\/li>\n<li><strong>Compliance e governan\u00e7a:<\/strong> Adequar pol\u00edticas e processos \u00e0s exig\u00eancias regulat\u00f3rias e \u00e0s melhores pr\u00e1ticas de governan\u00e7a.<\/li>\n<li><strong>M\u00e9trica, mensura\u00e7\u00e3o e transpar\u00eancia:<\/strong> Estabelecer indicadores, metas e mecanismos de reporte confi\u00e1veis e baseados em padr\u00f5es e frameworks internacionalmente reconhecidos como GRI e SASB, por exemplo, atendendo \u00e0s expectativas de investidores e stakeholders.<\/li>\n<\/ul>\n<p><strong>Como a HCB Consultoria pode contribuir para a implanta\u00e7\u00e3o das pr\u00e1ticas ESG?<\/strong><\/p>\n<p>A consultoria especializada em ESG oferece suporte t\u00e9cnico e estrat\u00e9gico ao longo do processo de implanta\u00e7\u00e3o, desde o planejamento at\u00e9 a execu\u00e7\u00e3o e o monitoramento das a\u00e7\u00f5es. Entre os principais apoios est\u00e3o:<\/p>\n<ul>\n<li><strong>Avalia\u00e7\u00e3o de maturidade ESG:<\/strong> An\u00e1lise diagn\u00f3stica detalhada que identifica o est\u00e1gio atual da organiza\u00e7\u00e3o e define prioridades.<\/li>\n<li><strong>Desenho da estrat\u00e9gia ESG:<\/strong> Constru\u00e7\u00e3o de uma agenda ESG alinhada ao neg\u00f3cio a partir da materialidade avaliada, com defini\u00e7\u00e3o de objetivos, planos de a\u00e7\u00e3o e KPIs.<\/li>\n<li><strong>Governan\u00e7a e estrutura\u00e7\u00e3o:<\/strong> Apoio na cria\u00e7\u00e3o de comit\u00eas, pol\u00edticas internas e sistemas de governan\u00e7a compat\u00edveis com os princ\u00edpios ESG.<\/li>\n<li><strong>Capacita\u00e7\u00e3o e engajamento:<\/strong> Programas de forma\u00e7\u00e3o para lideran\u00e7as e colaboradores, al\u00e9m de iniciativas para engajar stakeholders externos.<\/li>\n<li><strong>Relato e comunica\u00e7\u00e3o:<\/strong> Desenvolvimento de relat\u00f3rios de divulga\u00e7\u00e3o ESG (como GRI, SASB ou TCFD), assegurando credibilidade e transpar\u00eancia.<\/li>\n<\/ul>\n<p><strong>Resultados esperados e mensura\u00e7\u00e3o de impacto<\/strong><\/p>\n<p>A HCB Consultoria ajuda a transformar inten\u00e7\u00f5es em pr\u00e1ticas e torna-se uma parceira estrat\u00e9gica para empresas que desejam investir na sua pr\u00f3pria jornada ESG.<\/p>\n<p>A ado\u00e7\u00e3o estruturada de pr\u00e1ticas ESG, com o suporte de uma consultoria especializada, permite alcan\u00e7ar resultados tang\u00edveis e sustent\u00e1veis no m\u00e9dio e longo prazo, tais como:<\/p>\n<ul>\n<li>Redu\u00e7\u00e3o de riscos operacionais, legais e reputacionais;<\/li>\n<li>Acesso facilitado a capital e atra\u00e7\u00e3o de investidores conscientes;<\/li>\n<li>Melhoria na efici\u00eancia operacional e redu\u00e7\u00e3o de custos;<\/li>\n<li>Fortalecimento da marca e da reputa\u00e7\u00e3o institucional;<\/li>\n<li>Aumento da reten\u00e7\u00e3o de talentos e engajamento interno;<\/li>\n<li>Melhoria cont\u00ednua com base em m\u00e9tricas confi\u00e1veis;<\/li>\n<\/ul>\n<p>Implantar pr\u00e1ticas ESG n\u00e3o \u00e9 t\u00e3o somente uma resposta \u00e0s exig\u00eancias do mercado, \u00e9 uma decis\u00e3o estrat\u00e9gica com efeitos diretos na perenidade, resili\u00eancia e relev\u00e2ncia das organiza\u00e7\u00f5es. Contar com o suporte t\u00e9cnico de uma consultoria especializada permite acelerar resultados, evitar erros, garantir coer\u00eancia entre discurso e pr\u00e1tica e apresentar resultados fidedignos.<\/p>\n<p>Se a sua organiza\u00e7\u00e3o est\u00e1 pronta para avan\u00e7ar nessa jornada, o primeiro passo deve ser investir em um diagn\u00f3stico consistente e em uma estrat\u00e9gia ESG customizada para sua realidade que dialogue com os desafios e oportunidades do seu neg\u00f3cio.<\/p>\n<div class=\"fusion-sep-clear\"><\/div><div class=\"fusion-separator fusion-full-width-sep sep-none\" style=\"border-color:#eaeaea;margin-left: auto;margin-right: auto;margin-top:20px;margin-bottom:20px;\"><\/div><div class=\"fusion-button-wrapper fusion-aligncenter\"><style type=\"text\/css\" scoped=\"scoped\">.fusion-button.button-1 .fusion-button-text, .fusion-button.button-1 i {color:#ffffff;}.fusion-button.button-1 {border-width:0px;border-color:#ffffff;}.fusion-button.button-1 .fusion-button-icon-divider{border-color:#ffffff;}.fusion-button.button-1:hover .fusion-button-text, .fusion-button.button-1:hover i,.fusion-button.button-1:focus .fusion-button-text, .fusion-button.button-1:focus i,.fusion-button.button-1:active .fusion-button-text, .fusion-button.button-1:active{color:#fff;}.fusion-button.button-1:hover, .fusion-button.button-1:focus, .fusion-button.button-1:active{border-width:0px;border-color:#fff;}.fusion-button.button-1:hover .fusion-button-icon-divider, .fusion-button.button-1:hover .fusion-button-icon-divider, .fusion-button.button-1:active .fusion-button-icon-divider{border-color:#fff;}.fusion-button.button-1{background: #a6bf37;}.fusion-button.button-1:hover,.button-1:focus,.fusion-button.button-1:active{background: #82a329;}.fusion-button.button-1{width:auto;}<\/style><a class=\"fusion-button button-flat button-pill button-medium button-default button-1\" target=\"_self\" href=\"https:\/\/hcbconsultoria.com.br\/site\/contato\"><span class=\"fusion-button-text\">fa\u00e7a um or\u00e7amento conosco<\/span><\/a><\/div><div class=\"fusion-clearfix\"><\/div><\/div><\/div><div class=\"fusion-clearfix\"><\/div><\/div><\/div>\n","protected":false},"excerpt":{"rendered":"","protected":false},"author":1,"featured_media":0,"parent":0,"menu_order":0,"comment_status":"closed","ping_status":"open","template":"","meta":{"footnotes":""},"class_list":["post-3","page","type-page","status-publish","hentry"],"_links":{"self":[{"href":"https:\/\/hcbconsultoria.com.br\/site\/wp-json\/wp\/v2\/pages\/3","targetHints":{"allow":["GET"]}}],"collection":[{"href":"https:\/\/hcbconsultoria.com.br\/site\/wp-json\/wp\/v2\/pages"}],"about":[{"href":"https:\/\/hcbconsultoria.com.br\/site\/wp-json\/wp\/v2\/types\/page"}],"author":[{"embeddable":true,"href":"https:\/\/hcbconsultoria.com.br\/site\/wp-json\/wp\/v2\/users\/1"}],"replies":[{"embeddable":true,"href":"https:\/\/hcbconsultoria.com.br\/site\/wp-json\/wp\/v2\/comments?post=3"}],"version-history":[{"count":14,"href":"https:\/\/hcbconsultoria.com.br\/site\/wp-json\/wp\/v2\/pages\/3\/revisions"}],"predecessor-version":[{"id":308,"href":"https:\/\/hcbconsultoria.com.br\/site\/wp-json\/wp\/v2\/pages\/3\/revisions\/308"}],"wp:attachment":[{"href":"https:\/\/hcbconsultoria.com.br\/site\/wp-json\/wp\/v2\/media?parent=3"}],"curies":[{"name":"wp","href":"https:\/\/api.w.org\/{rel}","templated":true}]}}